{"id":95,"date":"2022-01-22T12:44:19","date_gmt":"2022-01-22T11:44:19","guid":{"rendered":"https:\/\/server.it-services-haase.de\/?page_id=95"},"modified":"2022-02-09T16:30:08","modified_gmt":"2022-02-09T15:30:08","slug":"practiscore-info","status":"publish","type":"page","link":"https:\/\/www.steelshooting.de\/index.php\/practiscore-info\/","title":{"rendered":"Practiscore"},"content":{"rendered":"\n<h1 class=\"wp-block-heading\" id=\"steelman-s-practiscore-projekt\">Steelman\u00b4s PRACTISCORE-Projekt<\/h1>\n\n\n\n<p>Unten gibt es die Links zu Steelman\u00b4s Practiscore-Turorials in Deutscher Sprache.&nbsp;<\/p>\n\n\n\n<p>Angenommene Vorteile und erhoffte Effekte:<\/p>\n\n\n\n<p><strong>Die Software kostet NICHTS!<\/strong>&nbsp;Sie l\u00e4uft auf ANDROID und IOS Smartphones.<\/p>\n\n\n\n<p>* Practiscore erm\u00f6glicht jedem Sch\u00fctzen eine jederzeit komplette Match-, Teilnehmer- und Ergebnis\u00fcbersicht ohne Papieraush\u00e4nge (Echtzeit in Abh\u00e4ngigkeit von den Standbedingungen m\u00f6glich, jedenfalls aber zeitnah)<\/p>\n\n\n\n<p>* Practiscore macht Daten\u00fcbertragung von Papier in die EDV \u00fcberfl\u00fcssig.<\/p>\n\n\n\n<p>* Practiscore l\u00e4sst bei einem typischen SC-Match pro Teilnehmer die Eingabe von 29\/39 &nbsp;Datens\u00e4tzen pro Teilnehmer entfallen.<\/p>\n\n\n\n<p>* Practiscore macht Eingabefehler bei der Daten\u00fcbertragung vom Papier-Scoresheet in die EDV unm\u00f6glich.<\/p>\n\n\n\n<p>* Practiscore macht Warteschlangen \/ Menschentrauben vor den Verifyern \u00fcberfl\u00fcssig<\/p>\n\n\n\n<p>* Practiscore verhindert Zweifel an der Bedeutung handschriftlicher Ergebnisse<\/p>\n\n\n\n<p>* Practiscore macht die Aush\u00e4ndigung gedruckter Scoresheets auf der Stage m\u00f6glich<\/p>\n\n\n\n<p>* Practiscore erm\u00f6glicht zeitnahe Siegerehrungen ohne langes Warten<\/p>\n\n\n\n<p class=\"wp-embed-aspect-16-9 wp-has-aspect-ratio\">Zu Eurer Information hier <a rel=\"noreferrer noopener\" href=\"https:\/\/www.steelshooting.de\/index.php\/practiscore-tutorials\/\" target=\"_blank\">&#8222;Steelman\u00b4s Tutorials&#8220;<\/a> &#8211; nehmt Euch die Zeit, abonniert den Youtube-Kanal und guckt die Filmchen an. <\/p>\n\n\n\n<p>Ihr k\u00f6nnt auch das<a rel=\"noreferrer noopener\" href=\"https:\/\/www.steelshooting.de\/index.php\/practiscore-templates\/\" target=\"_blank\"> Template<\/a> mit allen bereits aufgebauten Stages direkt auf euer Tablet herunterladen. <\/p>\n\n\n\n<p class=\"wp-embed-aspect-16-9 wp-has-aspect-ratio\">Weitere Informationen (englische Sprache auf\u00a0<a rel=\"noreferrer noopener\" href=\"https:\/\/practiscore.com\/\" target=\"_blank\" class=\"broken_link\">practiscore.com<\/a>\u00a0und auf Facebook unter\u00a0<a rel=\"noreferrer noopener\" href=\"https:\/\/www.facebook.com\/search\/top\/?q=practiscore\" target=\"_blank\" class=\"broken_link\">www.facebook.com\/search\/top\/<\/a>) Danke auch f\u00fcr ein Feedback!<\/p>\n","protected":false},"excerpt":{"rendered":"<p>Steelman\u00b4s PRACTISCORE-Projekt Unten gibt es die Links zu Steelman\u00b4s Practiscore-Turorials in Deutscher Sprache.&nbsp; Angenommene Vorteile und erhoffte Effekte: Die Software kostet NICHTS!&nbsp;Sie l\u00e4uft auf ANDROID und IOS Smartphones. * Practiscore erm\u00f6glicht jedem Sch\u00fctzen eine jederzeit komplette Match-, Teilnehmer- und Ergebnis\u00fcbersicht ohne Papieraush\u00e4nge (Echtzeit in Abh\u00e4ngigkeit von den Standbedingungen m\u00f6glich, jedenfalls aber zeitnah) * Practiscore macht&hellip; <br \/> <a class=\"read-more\" href=\"https:\/\/www.steelshooting.de\/index.php\/practiscore-info\/\">Weiterlesen<\/a><\/p>\n","protected":false},"author":2,"featured_media":0,"parent":0,"menu_order":0,"comment_status":"closed","ping_status":"closed","template":"","meta":{"footnotes":""},"class_list":["post-95","page","type-page","status-publish","hentry"],"_links":{"self":[{"href":"https:\/\/www.steelshooting.de\/index.php\/wp-json\/wp\/v2\/pages\/95","targetHints":{"allow":["GET"]}}],"collection":[{"href":"https:\/\/www.steelshooting.de\/index.php\/wp-json\/wp\/v2\/pages"}],"about":[{"href":"https:\/\/www.steelshooting.de\/index.php\/wp-json\/wp\/v2\/types\/page"}],"author":[{"embeddable":true,"href":"https:\/\/www.steelshooting.de\/index.php\/wp-json\/wp\/v2\/users\/2"}],"replies":[{"embeddable":true,"href":"https:\/\/www.steelshooting.de\/index.php\/wp-json\/wp\/v2\/comments?post=95"}],"version-history":[{"count":7,"href":"https:\/\/www.steelshooting.de\/index.php\/wp-json\/wp\/v2\/pages\/95\/revisions"}],"predecessor-version":[{"id":844,"href":"https:\/\/www.steelshooting.de\/index.php\/wp-json\/wp\/v2\/pages\/95\/revisions\/844"}],"wp:attachment":[{"href":"https:\/\/www.steelshooting.de\/index.php\/wp-json\/wp\/v2\/media?parent=95"}],"curies":[{"name":"wp","href":"https:\/\/api.w.org\/{rel}","templated":true}]}}