{"id":93,"date":"2022-01-22T12:40:29","date_gmt":"2022-01-22T11:40:29","guid":{"rendered":"https:\/\/server.it-services-haase.de\/?page_id=93"},"modified":"2022-02-09T16:31:23","modified_gmt":"2022-02-09T15:31:23","slug":"practiscore-tutorials","status":"publish","type":"page","link":"https:\/\/www.steelshooting.de\/index.php\/practiscore-tutorials\/","title":{"rendered":"Practiscore-Tutorials"},"content":{"rendered":"\n<p>Zu Eurer Information hier &#8222;Steelman\u00b4s Tutorials&#8220; &#8211; nehmt Euch die Zeit, abonniert den Kanal und guckt die Filmchen an. Weitere Informationen (englische Sprache auf&nbsp;<a href=\"https:\/\/practiscore.com\/\" target=\"_blank\" rel=\"noreferrer noopener\" class=\"broken_link\">practiscore.com<\/a>&nbsp;und auf Facebook unter&nbsp;<a href=\"https:\/\/www.facebook.com\/search\/top\/?q=practiscore\" target=\"_blank\" rel=\"noreferrer noopener\" class=\"broken_link\">www.facebook.com\/search\/top\/<\/a>) Danke auch f\u00fcr ein Feedback!<\/p>\n\n\n\n<p>Practiscore Tutorial 011, technische Ausr\u00fcstung f\u00fcr den Einsatz von Practiscore auf einem Match&nbsp;<\/p>\n\n\n\n<figure class=\"wp-block-embed is-type-video is-provider-youtube wp-block-embed-youtube wp-embed-aspect-16-9 wp-has-aspect-ratio\"><div class=\"wp-block-embed__wrapper\">\n<div class='embed-container'><iframe loading=\"lazy\" title=\"PS 011 Kofferinhalt\" width=\"1920\" height=\"1080\" src=\"https:\/\/www.youtube.com\/embed\/JKvOqhUgdR4?feature=oembed\" frameborder=\"0\" allow=\"accelerometer; autoplay; clipboard-write; encrypted-media; gyroscope; picture-in-picture\" allowfullscreen><\/iframe><\/div>\n<\/div><\/figure>\n\n\n\n<p>============================<\/p>\n\n\n\n<p>Practiscore Tutorial 020, Material auf dem Platz des Scorekeepers f\u00fcr den Einsatz von Practiscore auf einem Match&nbsp;<\/p>\n\n\n\n<figure class=\"wp-block-embed is-type-video is-provider-youtube wp-block-embed-youtube wp-embed-aspect-16-9 wp-has-aspect-ratio\"><div class=\"wp-block-embed__wrapper\">\n<div class='embed-container'><iframe loading=\"lazy\" title=\"PS 020 Scorekeeperdesk\" width=\"1920\" height=\"1080\" src=\"https:\/\/www.youtube.com\/embed\/KRxS9ri8yqs?feature=oembed\" frameborder=\"0\" allow=\"accelerometer; autoplay; clipboard-write; encrypted-media; gyroscope; picture-in-picture\" allowfullscreen><\/iframe><\/div>\n<\/div><\/figure>\n\n\n\n<p>============================<\/p>\n\n\n\n<p>Practiscore Tutorial 030, Scoring auf dem Match unter Einsatz von Practiscore auf einem Android-Tablet und Ausdruck eines Scoresheets auf einem BT-Bon-Drucker mit der PS-APP<\/p>\n\n\n\n<figure class=\"wp-block-embed is-type-video is-provider-youtube wp-block-embed-youtube wp-embed-aspect-16-9 wp-has-aspect-ratio\"><div class=\"wp-block-embed__wrapper\">\n<div class='embed-container'><iframe loading=\"lazy\" title=\"PS 030 Scoring und Druck\" width=\"1920\" height=\"1080\" src=\"https:\/\/www.youtube.com\/embed\/r-krCQXkTPk?feature=oembed\" frameborder=\"0\" allow=\"accelerometer; autoplay; clipboard-write; encrypted-media; gyroscope; picture-in-picture\" allowfullscreen><\/iframe><\/div>\n<\/div><\/figure>\n\n\n\n<p>============================<\/p>\n\n\n\n<p>Practiscore Tutorial 040, Abholung von Daten (durch STATS \/ Teilnehmer) vom Tablet (Android) des Scorekeepers auf dem Match unter Einsatz von Practiscore mit der \u201eSYNC\u201c-Funktion der PS-APP<\/p>\n\n\n\n<figure class=\"wp-block-embed is-type-video is-provider-youtube wp-block-embed-youtube wp-embed-aspect-16-9 wp-has-aspect-ratio\"><div class=\"wp-block-embed__wrapper\">\n<div class='embed-container'><iframe loading=\"lazy\" title=\"PS 040 Datenabholung\" width=\"1920\" height=\"1080\" src=\"https:\/\/www.youtube.com\/embed\/eN6F5IxUx28?feature=oembed\" frameborder=\"0\" allow=\"accelerometer; autoplay; clipboard-write; encrypted-media; gyroscope; picture-in-picture\" allowfullscreen><\/iframe><\/div>\n<\/div><\/figure>\n\n\n\n<p>============================<\/p>\n\n\n\n<p>Practiscore Tutorial 045, Datenlieferung an ein Stagetablet in einem &#8222;gesicherten&nbsp;Match&#8220;<\/p>\n\n\n\n<figure class=\"wp-block-embed is-type-video is-provider-youtube wp-block-embed-youtube wp-embed-aspect-16-9 wp-has-aspect-ratio\"><div class=\"wp-block-embed__wrapper\">\n<div class='embed-container'><iframe loading=\"lazy\" title=\"PS 045 Datenlieferung an Stagetablet im &quot;Secured Match&quot;\" width=\"1920\" height=\"1080\" src=\"https:\/\/www.youtube.com\/embed\/oBaCpECYiVA?feature=oembed\" frameborder=\"0\" allow=\"accelerometer; autoplay; clipboard-write; encrypted-media; gyroscope; picture-in-picture\" allowfullscreen><\/iframe><\/div>\n<\/div><\/figure>\n\n\n\n<p>=================================<\/p>\n\n\n\n<p>Practiscore Tutorial 055, Matchimport versus Synchronisation, Fehlerbeseitigung<\/p>\n\n\n\n<figure class=\"wp-block-embed is-type-video is-provider-youtube wp-block-embed-youtube wp-embed-aspect-16-9 wp-has-aspect-ratio\"><div class=\"wp-block-embed__wrapper\">\n<div class='embed-container'><iframe loading=\"lazy\" title=\"PS 55 Matchimport mit Fehlerbeseitigung\" width=\"1920\" height=\"1080\" src=\"https:\/\/www.youtube.com\/embed\/eRARhLt0GZc?feature=oembed\" frameborder=\"0\" allow=\"accelerometer; autoplay; clipboard-write; encrypted-media; gyroscope; picture-in-picture\" allowfullscreen><\/iframe><\/div>\n<\/div><\/figure>\n\n\n\n<p>============================<\/p>\n\n\n\n<p>Practiscore Tutorial 060, Anzeigen von Stagebild und Briefingtext (Android)<\/p>\n\n\n\n<figure class=\"wp-block-embed is-type-video is-provider-youtube wp-block-embed-youtube wp-embed-aspect-16-9 wp-has-aspect-ratio\"><div class=\"wp-block-embed__wrapper\">\n<div class='embed-container'><iframe loading=\"lazy\" title=\"PS 60 Show Stagebriefing\" width=\"1920\" height=\"1080\" src=\"https:\/\/www.youtube.com\/embed\/WMeQhqcUy1k?feature=oembed\" frameborder=\"0\" allow=\"accelerometer; autoplay; clipboard-write; encrypted-media; gyroscope; picture-in-picture\" allowfullscreen><\/iframe><\/div>\n<\/div><\/figure>\n\n\n\n<p>============================<\/p>\n\n\n\n<p>Practiscore Tutorial 071, Setup f\u00fcr das STATS3-Tablet (Android empfohlen), dediziert f\u00fcr Anmeldung, Kasse und Datenver\u00e4nderungen (Checkin, Bezahlung, Diziplinenwechsel, Nachkauf weiterer Starts)<\/p>\n\n\n\n<figure class=\"wp-block-embed is-type-video is-provider-youtube wp-block-embed-youtube wp-embed-aspect-16-9 wp-has-aspect-ratio\"><div class=\"wp-block-embed__wrapper\">\n<div class='embed-container'><iframe loading=\"lazy\" title=\"PS 71 Setup STATS3-Tablet\" width=\"1920\" height=\"1080\" src=\"https:\/\/www.youtube.com\/embed\/S7zBahP1Lvs?feature=oembed\" frameborder=\"0\" allow=\"accelerometer; autoplay; clipboard-write; encrypted-media; gyroscope; picture-in-picture\" allowfullscreen><\/iframe><\/div>\n<\/div><\/figure>\n\n\n\n<p>============================<\/p>\n\n\n\n<p>Practiscore Tutorial 072, Setup f\u00fcr das STATS2-Tablet (IOS empfohlen), auf dem die Sicherung des STATS1-Tablets erfolgt und den Teilnehmern die Ergebnisse zum Herunterladen angeboten werden.<\/p>\n\n\n\n<figure class=\"wp-block-embed is-type-video is-provider-youtube wp-block-embed-youtube wp-embed-aspect-16-9 wp-has-aspect-ratio\"><div class=\"wp-block-embed__wrapper\">\n<div class='embed-container'><iframe loading=\"lazy\" title=\"PS 72 Setup STATS2\" width=\"1920\" height=\"1080\" src=\"https:\/\/www.youtube.com\/embed\/3z8VQi769_4?feature=oembed\" frameborder=\"0\" allow=\"accelerometer; autoplay; clipboard-write; encrypted-media; gyroscope; picture-in-picture\" allowfullscreen><\/iframe><\/div>\n<\/div><\/figure>\n\n\n\n<p>============================<\/p>\n\n\n\n<p>Practiscore Tutorial 073, Setup f\u00fcr das STATS1-Tablet (Android empfohlen)&nbsp;<\/p>\n\n\n\n<figure class=\"wp-block-embed is-type-video is-provider-youtube wp-block-embed-youtube wp-embed-aspect-16-9 wp-has-aspect-ratio\"><div class=\"wp-block-embed__wrapper\">\n<div class='embed-container'><iframe loading=\"lazy\" title=\"PS 73 Setup STATS1\" width=\"1920\" height=\"1080\" src=\"https:\/\/www.youtube.com\/embed\/s7QAjnVQeuo?feature=oembed\" frameborder=\"0\" allow=\"accelerometer; autoplay; clipboard-write; encrypted-media; gyroscope; picture-in-picture\" allowfullscreen><\/iframe><\/div>\n<\/div><\/figure>\n\n\n\n<p>============================<\/p>\n\n\n\n<p>Practiscore Tutorial 074, Setup f\u00fcr die Stage-Tablets (Android empfohlen)<\/p>\n\n\n\n<figure class=\"wp-block-embed is-type-video is-provider-youtube wp-block-embed-youtube wp-embed-aspect-16-9 wp-has-aspect-ratio\"><div class=\"wp-block-embed__wrapper\">\n<div class='embed-container'><iframe loading=\"lazy\" title=\"PS 74 Setup Stagetablets\" width=\"1920\" height=\"1080\" src=\"https:\/\/www.youtube.com\/embed\/s4XfOvFxNyc?feature=oembed\" frameborder=\"0\" allow=\"accelerometer; autoplay; clipboard-write; encrypted-media; gyroscope; picture-in-picture\" allowfullscreen><\/iframe><\/div>\n<\/div><\/figure>\n\n\n\n<p>============================<\/p>\n\n\n\n<p>Practiscore Tutorial 075, Setup des STATS3-Tablets f\u00fcr ein Match im &#8222;gesicherten&nbsp;Modus&#8220;<\/p>\n\n\n\n<figure class=\"wp-block-embed is-type-video is-provider-youtube wp-block-embed-youtube wp-embed-aspect-16-9 wp-has-aspect-ratio\"><div class=\"wp-block-embed__wrapper\">\n<div class='embed-container'><iframe loading=\"lazy\" title=\"PS 075 Setup STATS3 f\u00fcr &quot;Secured Match&quot;\" width=\"1920\" height=\"1080\" src=\"https:\/\/www.youtube.com\/embed\/SC8-xh1B8do?feature=oembed\" frameborder=\"0\" allow=\"accelerometer; autoplay; clipboard-write; encrypted-media; gyroscope; picture-in-picture\" allowfullscreen><\/iframe><\/div>\n<\/div><\/figure>\n\n\n\n<p>============================<\/p>\n\n\n\n<p>Practiscore Tutorial 080, Setup f\u00fcr das Drucken mit dem BT-Druckervom Stagetablet (Android)<\/p>\n\n\n\n<figure class=\"wp-block-embed is-type-video is-provider-youtube wp-block-embed-youtube wp-embed-aspect-16-9 wp-has-aspect-ratio\"><div class=\"wp-block-embed__wrapper\">\n<div class='embed-container'><iframe loading=\"lazy\" title=\"PS 80 Bluetoothdrucker an Android\" width=\"1920\" height=\"1080\" src=\"https:\/\/www.youtube.com\/embed\/Jrg609Pp2SQ?feature=oembed\" frameborder=\"0\" allow=\"accelerometer; autoplay; clipboard-write; encrypted-media; gyroscope; picture-in-picture\" allowfullscreen><\/iframe><\/div>\n<\/div><\/figure>\n\n\n\n<p>============================<\/p>\n","protected":false},"excerpt":{"rendered":"<p>Zu Eurer Information hier &#8222;Steelman\u00b4s Tutorials&#8220; &#8211; nehmt Euch die Zeit, abonniert den Kanal und guckt die Filmchen an. Weitere Informationen (englische Sprache auf&nbsp;practiscore.com&nbsp;und auf Facebook unter&nbsp;www.facebook.com\/search\/top\/) Danke auch f\u00fcr ein Feedback! Practiscore Tutorial 011, technische Ausr\u00fcstung f\u00fcr den Einsatz von Practiscore auf einem Match&nbsp; ============================ Practiscore Tutorial 020, Material auf dem Platz des Scorekeepers&hellip; <br \/> <a class=\"read-more\" href=\"https:\/\/www.steelshooting.de\/index.php\/practiscore-tutorials\/\">Weiterlesen<\/a><\/p>\n","protected":false},"author":2,"featured_media":0,"parent":0,"menu_order":0,"comment_status":"closed","ping_status":"closed","template":"","meta":{"footnotes":""},"class_list":["post-93","page","type-page","status-publish","hentry"],"_links":{"self":[{"href":"https:\/\/www.steelshooting.de\/index.php\/wp-json\/wp\/v2\/pages\/93","targetHints":{"allow":["GET"]}}],"collection":[{"href":"https:\/\/www.steelshooting.de\/index.php\/wp-json\/wp\/v2\/pages"}],"about":[{"href":"https:\/\/www.steelshooting.de\/index.php\/wp-json\/wp\/v2\/types\/page"}],"author":[{"embeddable":true,"href":"https:\/\/www.steelshooting.de\/index.php\/wp-json\/wp\/v2\/users\/2"}],"replies":[{"embeddable":true,"href":"https:\/\/www.steelshooting.de\/index.php\/wp-json\/wp\/v2\/comments?post=93"}],"version-history":[{"count":6,"href":"https:\/\/www.steelshooting.de\/index.php\/wp-json\/wp\/v2\/pages\/93\/revisions"}],"predecessor-version":[{"id":846,"href":"https:\/\/www.steelshooting.de\/index.php\/wp-json\/wp\/v2\/pages\/93\/revisions\/846"}],"wp:attachment":[{"href":"https:\/\/www.steelshooting.de\/index.php\/wp-json\/wp\/v2\/media?parent=93"}],"curies":[{"name":"wp","href":"https:\/\/api.w.org\/{rel}","templated":true}]}}