{"id":88,"date":"2022-01-22T12:31:49","date_gmt":"2022-01-22T11:31:49","guid":{"rendered":"https:\/\/server.it-services-haase.de\/?page_id=88"},"modified":"2022-02-07T10:39:53","modified_gmt":"2022-02-07T09:39:53","slug":"links","status":"publish","type":"page","link":"https:\/\/www.steelshooting.de\/index.php\/links\/","title":{"rendered":"Steelshooting-Links"},"content":{"rendered":"\n<p>Wir haben sorgf\u00e4ltig recherchiert. Dennoch:&nbsp;F\u00fcr die Richtigkeit und Aktualit\u00e4t von Inhalten wird nicht gehaftet! Die Hinweise stellen keine Rechtsberatung dar!&nbsp;Jeder Sch\u00fctze handelt eigenverantwortlich!<\/p>\n\n\n\n<p><strong>Bereits verlinkt<\/strong><\/p>\n\n\n\n<p><a href=\"https:\/\/www.steelshooting.de\/wp-content\/uploads\/2022\/02\/Schiessstandrichtlinie_2012.pdf\" target=\"_blank\" rel=\"noreferrer noopener\">Schie\u00dfstandrichtlinie<\/a><\/p>\n\n\n\n<p><\/p>\n\n\n\n<p><strong>noch nicht bearbeitet oder verlinkt<\/strong><\/p>\n\n\n\n<p>*&nbsp;<a rel=\"noreferrer noopener\" href=\"http:\/\/www.actionshooting.nl\/\" target=\"_blank\">Action shooting Nederland<\/a><\/p>\n\n\n\n<p>*&nbsp;<a rel=\"noreferrer noopener\" href=\"http:\/\/schiessanlage-philippsburg.de\/\" target=\"_blank\">Schie\u00dfanlage Philippsburg<\/a><\/p>\n\n\n\n<p>*&nbsp;<a rel=\"noreferrer noopener\" href=\"https:\/\/www.all4shooters.com\/de\/Shooting\/Airsoft\/VISIER-Special-77-Airsoft-Schiesssport-Jugendarbeit\/\" target=\"_blank\">Air IPSC<\/a><\/p>\n\n\n\n<p>*&nbsp;<a rel=\"noreferrer noopener\" href=\"http:\/\/www.bdsnet.de\/\" target=\"_blank\">BDS, Bundesverband<\/a><\/p>\n\n\n\n<p><\/p>\n\n\n\n<p>*&nbsp;<a rel=\"noreferrer noopener\" href=\"http:\/\/www.bdslv12.de\/\" target=\"_blank\">BDS, LV12, Landesverband Sachsen<\/a><\/p>\n\n\n\n<p>* Treibladungspulver,&nbsp;<a rel=\"noreferrer noopener\" href=\"http:\/\/www.lhs-germany.de\/fileadmin\/dateien\/dokumente\/Pulver\/2015\/Merkblatt_GGVS2015.03_LHS.pdf\" target=\"_blank\">Transport<\/a><\/p>\n\n\n\n<p>*&nbsp;<a rel=\"noreferrer noopener\" href=\"http:\/\/www.blds.de\/\" target=\"_blank\">BLDS<\/a><\/p>\n\n\n\n<p>* Treibladungspulver,&nbsp;<a rel=\"noreferrer noopener\" href=\"http:\/\/www.bam.de\/de\/service\/amtl_mitteilungen\/sprengstoffrecht\/sprengstoffrecht_medien\/verbringungs_formular_2_2007.pdf\" target=\"_blank\">Verbringung, BAM<\/a><\/p>\n\n\n\n<p>*&nbsp;<a rel=\"noreferrer noopener\" href=\"http:\/\/www.bva.bund.de\/DE\/Organisation\/Abteilungen\/Abteilung_S\/WaffenrechtlicheErlaubnisse\/Schiesssportordnungen\/schiesssportordnung-inhalt_neu.html\" target=\"_blank\">BVerwG, Sportordnungen<\/a><\/p>\n\n\n\n<p>* Treibladungspulver,&nbsp;<a rel=\"noreferrer noopener\" href=\"http:\/\/www.steelshooting.de\/fileadmin\/user_upload\/Verbringung_Hinweise_01.pdf\" target=\"_blank\">Verbringung, ISSA<\/a><\/p>\n\n\n\n<p>* Einladung \/ Invitation<\/p>\n\n\n\n<p>* Treibladungspulver (und Waffen \/ Munition), Transport,&nbsp;<a rel=\"noreferrer noopener\" href=\"http:\/\/www.steelshooting.de\/fileadmin\/user_upload\/polizeihandreichung.pdf\" target=\"_blank\">Polizeihandreichung<\/a><\/p>\n\n\n\n<p>* Treibladungspulver,&nbsp;<a href=\"http:\/\/www.steelshooting.de\/fileadmin\/user_upload\/Verlinkte_Dokumente\/Ocare_list_eng_January_2016.pdf\">Verbringung, Zust\u00e4ndigkeiten in EU<\/a><\/p>\n\n\n\n<p>*&nbsp;<a rel=\"noreferrer noopener\" href=\"http:\/\/amt24.sachsen.de\/ZFinder\/verfahren.do?action=showdetail&amp;modul=VB&amp;id=449808!0\" target=\"_blank\">Europ\u00e4ischer Feuerwaffenpass<\/a><\/p>\n\n\n\n<p>* Waffengesetz<a rel=\"noreferrer noopener\" href=\"http:\/\/www.gesetze-im-internet.de\/waffg_2002\/\" target=\"_blank\">, Text<\/a><\/p>\n\n\n\n<p>*&nbsp;<a rel=\"noreferrer noopener\" href=\"http:\/\/www.europeansteelchallenge.eu\/\" target=\"_blank\">European Steelchallenge<\/a><\/p>\n\n\n\n<p>&#8211;&nbsp;<a rel=\"noreferrer noopener\" href=\"http:\/\/www.gesetze-im-internet.de\/waffg_2002\/anlage_1.html\" target=\"_blank\">WaffG, Anlage 1, Begriffsbestimmungen<\/a><\/p>\n\n\n\n<p><\/p>\n\n\n\n<p>&#8211;&nbsp;<a rel=\"noreferrer noopener\" href=\"http:\/\/www.gesetze-im-internet.de\/waffg_2002\/anlage_2.html\" target=\"_blank\">WaffenG, Anlage 2, Waffenliste<\/a><\/p>\n\n\n\n<p>*&nbsp;<a rel=\"noreferrer noopener\" href=\"http:\/\/www.ipsc.de\/\" target=\"_blank\">IPSC Deutschland<\/a><\/p>\n\n\n\n<p>&#8211; WaffG<\/p>\n\n\n\n<p>&nbsp;<a rel=\"noreferrer noopener\" href=\"http:\/\/www.bva.bund.de\/SharedDocs\/Downloads\/DE\/BVA\/Sicherheit\/WaffenrechtlicheErlaubnisse\/merkblatt_waffenaufbewahrung.pdf?__blob=publicationFile&amp;v=2\" target=\"_blank\">Aufbewahrung von Schusswaffen<\/a><\/p>\n\n\n\n<p>*&nbsp;<a rel=\"noreferrer noopener\" href=\"http:\/\/www.ipsc.org\/\" target=\"_blank\">IPSC International<\/a><a rel=\"noreferrer noopener\" href=\"http:\/\/www.gesetze-im-internet.de\/waffg_2002\/anlage_2.html\" target=\"_blank\">&#8211;<\/a><a rel=\"noreferrer noopener\" href=\"https:\/\/www.gesetze-im-internet.de\/awaffv\/BJNR212300003.html\" target=\"_blank\">AWaffV (allg. Waffengesetz-Verordnung)<\/a><\/p>\n\n\n\n<p>*&nbsp;<a rel=\"noreferrer noopener\" href=\"http:\/\/www.ipscmatch.de\/\" target=\"_blank\">IPSC-Matchkalender<\/a><\/p>\n\n\n\n<p><a rel=\"noreferrer noopener\" href=\"https:\/\/www.gesetze-im-internet.de\/awaffv\/BJNR212300003.html\" target=\"_blank\">&#8211;<\/a><a rel=\"noreferrer noopener\" href=\"https:\/\/legalwaffenbesitzer.files.wordpress.com\/2015\/04\/transport-aufbewahrung.pdf\" target=\"_blank\">Aufbewahrung und Transport von Schusswaffen<\/a>&nbsp;(Vorschriftentexte)<\/p>\n\n\n\n<p>*&nbsp;<a rel=\"noreferrer noopener\" href=\"http:\/\/www.ipsc-dvc.org\/\" target=\"_blank\">IPSC-MOS<\/a><\/p>\n\n\n\n<p>* Mitnahme von Waffen von au\u00dferhalb der EU (\u00a7 32 Abs. 4 WaffG)<br>&#8211;&nbsp;<a rel=\"noreferrer noopener\" href=\"http:\/\/www.steelshooting.de\/fileadmin\/user_upload\/Formfilling_Weapons-permit_01.pdf\" target=\"_blank\">Ausf\u00fcllhinweise englisch<\/a><br>&#8211;&nbsp;<a rel=\"noreferrer noopener\" href=\"http:\/\/www.steelshooting.de\/fileadmin\/user_upload\/Waffenmitnahme_Antrag.pdf\" target=\"_blank\">Antragsformular<\/a><\/p>\n","protected":false},"excerpt":{"rendered":"<p>Wir haben sorgf\u00e4ltig recherchiert. Dennoch:&nbsp;F\u00fcr die Richtigkeit und Aktualit\u00e4t von Inhalten wird nicht gehaftet! Die Hinweise stellen keine Rechtsberatung dar!&nbsp;Jeder Sch\u00fctze handelt eigenverantwortlich! Bereits verlinkt Schie\u00dfstandrichtlinie noch nicht bearbeitet oder verlinkt *&nbsp;Action shooting Nederland *&nbsp;Schie\u00dfanlage Philippsburg *&nbsp;Air IPSC *&nbsp;BDS, Bundesverband *&nbsp;BDS, LV12, Landesverband Sachsen * Treibladungspulver,&nbsp;Transport *&nbsp;BLDS * Treibladungspulver,&nbsp;Verbringung, BAM *&nbsp;BVerwG, Sportordnungen * Treibladungspulver,&nbsp;Verbringung, ISSA&hellip; <br \/> <a class=\"read-more\" href=\"https:\/\/www.steelshooting.de\/index.php\/links\/\">Weiterlesen<\/a><\/p>\n","protected":false},"author":2,"featured_media":0,"parent":0,"menu_order":0,"comment_status":"closed","ping_status":"closed","template":"","meta":{"footnotes":""},"class_list":["post-88","page","type-page","status-publish","hentry"],"_links":{"self":[{"href":"https:\/\/www.steelshooting.de\/index.php\/wp-json\/wp\/v2\/pages\/88","targetHints":{"allow":["GET"]}}],"collection":[{"href":"https:\/\/www.steelshooting.de\/index.php\/wp-json\/wp\/v2\/pages"}],"about":[{"href":"https:\/\/www.steelshooting.de\/index.php\/wp-json\/wp\/v2\/types\/page"}],"author":[{"embeddable":true,"href":"https:\/\/www.steelshooting.de\/index.php\/wp-json\/wp\/v2\/users\/2"}],"replies":[{"embeddable":true,"href":"https:\/\/www.steelshooting.de\/index.php\/wp-json\/wp\/v2\/comments?post=88"}],"version-history":[{"count":5,"href":"https:\/\/www.steelshooting.de\/index.php\/wp-json\/wp\/v2\/pages\/88\/revisions"}],"predecessor-version":[{"id":456,"href":"https:\/\/www.steelshooting.de\/index.php\/wp-json\/wp\/v2\/pages\/88\/revisions\/456"}],"wp:attachment":[{"href":"https:\/\/www.steelshooting.de\/index.php\/wp-json\/wp\/v2\/media?parent=88"}],"curies":[{"name":"wp","href":"https:\/\/api.w.org\/{rel}","templated":true}]}}