{"id":704,"date":"2022-02-08T17:27:08","date_gmt":"2022-02-08T16:27:08","guid":{"rendered":"https:\/\/www.steelshooting.de\/?page_id=704"},"modified":"2022-02-08T20:13:56","modified_gmt":"2022-02-08T19:13:56","slug":"ziele-einzelmedien","status":"publish","type":"page","link":"https:\/\/www.steelshooting.de\/index.php\/ziele-einzelmedien\/","title":{"rendered":"Ziele &#8211; Einzelmedien"},"content":{"rendered":"\n<p class=\"has-large-font-size\"><a href=\"https:\/\/www.youtube.com\/watch?v=_5eOA2WK8eI&amp;t=11s\" target=\"_blank\" rel=\"noreferrer noopener\">Infofilm \u00fcber Stahlziele<\/a><\/p>\n\n\n\n<p>&nbsp;<\/p>\n\n\n\n<p class=\"has-large-font-size\"><strong>Rund- und Rechteckplatten<\/strong><\/p>\n\n\n\n<p class=\"has-medium-font-size\">Ziele zum beweglichen Aufh\u00e4ngen an Scharnieren sind <br><strong>Stahlplatten, blank, 10 mm Dicke, erlaubt f\u00fcr Gescho\u00dfenergie bis 1500 Joule mit 2 Rechteckl\u00f6chern (M10)<\/strong>,<br>H\u00e4rte >410 Brinell, Zugfestigkeit > 1100 MPa,<br>incl. Konformit\u00e4tserkl\u00e4rung und Kopie des Hersteller-Schmelzzertifikates.<br>Gelochte Rund- und Rechteckplatten sind komplett mit Plattenhaken (Hook), Flachschrauben und Muttern ausgestattet.<\/p>\n\n\n\n<figure class=\"wp-block-table is-style-regular\"><table><tbody><tr><td>Plattenart<\/td><td>ca. Gewicht<br>in kg<\/td><td>Abmessungen <br>in cm<\/td><td>ca. Preis in Euro<br>bitte anfragen!<\/td><\/tr><tr><td>Rectangle<\/td><td>22,5<\/td><td>46&#215;61<\/td><td>140<\/td><\/tr><tr><td>Round plate 20<\/td><td>3<\/td><td>Dia 20 <\/td><td>35<\/td><\/tr><tr><td>Round plate 25<\/td><td>4<\/td><td>Dia 25<\/td><td>45<\/td><\/tr><tr><td>Round plate 30<\/td><td>5,8<\/td><td>Dia 30<\/td><td>50<\/td><\/tr><\/tbody><\/table><\/figure>\n\n\n\n<p>&nbsp;<\/p>\n\n\n\n<p class=\"has-large-font-size\"><strong>Halsplatten mit Bolzenaufnahmeloch<\/strong><\/p>\n\n\n\n<p class=\"has-medium-font-size\">Ziele zum beweglichen Kippen in Scharnieren sind <br><strong>Stahlplatten, blank, 10 mm Dicke, erlaubt f\u00fcr Gescho\u00dfenergie bis 1500 Joule <\/strong><br>mit Halsbreite 65-mm und 4-facher Halslochung M6 f\u00fcr Bolzenaufnahme<br>Halsl\u00e4nge 90 mm bis Plattenradius oder nach Wunsch<br>mit separater, 2-teil. Bolzenaufnahme, (Loch-Durchmesser 14,5 mm oder nach Wunsch)<\/p>\n\n\n\n<figure class=\"wp-block-table is-style-regular\"><table><tbody><tr><td><br>Plattenart<\/td><td>ca. Gewicht<br>in kg<\/td><td>Abmessungen <br>in cm<\/td><td>ca. Preis in Euro<br>bitte anfragen!<\/td><\/tr><tr><td>Halsplatte 15<\/td><td>2<\/td><td>Dia 15<\/td><td>45<\/td><\/tr><tr><td>Halsplatte 20<\/td><td>3<\/td><td>Dia 20 <\/td><td>50<\/td><\/tr><tr><td>Halsplatte 20 mit Ohren<\/td><td>3,4<\/td><td>Dia 20\/30<\/td><td>60<\/td><\/tr><tr><td>Beast &#8211; Bohne 50<\/td><td>12<\/td><td>Dia 15\/50<\/td><td>90<\/td><\/tr><\/tbody><\/table><\/figure>\n\n\n\n<p>&nbsp;<\/p>\n\n\n\n<p class=\"has-large-font-size\" id=\"block-6a31a7ed-ceba-45bc-96b9-ff9dff8c4942\"><strong>Halsplatten mit Steg<\/strong><\/p>\n\n\n\n<p>Ziele zum beweglichen Kippen in Scharnieren (Knockdown oder Selfsetter) sind<br><strong>Stahlplatten, blank, 10 mm Dicke, erlaubt f\u00fcr Gescho\u00dfenergie bis 1500 Joule<\/strong><br>mit Halsbreite 59-mm und 4-facher Halslochung M6 f\u00fcr Stahlseilkrampen<br>Halsl\u00e4nge 90 mm bis Plattenradius oder nach Wunsch<\/p>\n\n\n\n<figure class=\"wp-block-table is-style-regular\"><table><tbody><tr><td>Plattenart<\/td><td>ca. Gewicht<br>in kg<\/td><td>Abmessungen<br>in cm<\/td><td>ca. Preis in Euro<br>bitte anfragen!<\/td><\/tr><tr><td>Halsplatte 15<\/td><td>2<\/td><td>Dia 15<\/td><td>25<\/td><\/tr><tr><td>Halsplatte 20<\/td><td>3<\/td><td>Dia 20<\/td><td>30<\/td><\/tr><\/tbody><\/table><\/figure>\n\n\n\n<p><\/p>\n","protected":false},"excerpt":{"rendered":"<p>Infofilm \u00fcber Stahlziele &nbsp; Rund- und Rechteckplatten Ziele zum beweglichen Aufh\u00e4ngen an Scharnieren sind Stahlplatten, blank, 10 mm Dicke, erlaubt f\u00fcr Gescho\u00dfenergie bis 1500 Joule mit 2 Rechteckl\u00f6chern (M10),H\u00e4rte >410 Brinell, Zugfestigkeit > 1100 MPa,incl. Konformit\u00e4tserkl\u00e4rung und Kopie des Hersteller-Schmelzzertifikates.Gelochte Rund- und Rechteckplatten sind komplett mit Plattenhaken (Hook), Flachschrauben und Muttern ausgestattet. Plattenart ca. Gewichtin&hellip; <br \/> <a class=\"read-more\" href=\"https:\/\/www.steelshooting.de\/index.php\/ziele-einzelmedien\/\">Weiterlesen<\/a><\/p>\n","protected":false},"author":2,"featured_media":0,"parent":0,"menu_order":0,"comment_status":"closed","ping_status":"closed","template":"","meta":{"footnotes":""},"class_list":["post-704","page","type-page","status-publish","hentry"],"_links":{"self":[{"href":"https:\/\/www.steelshooting.de\/index.php\/wp-json\/wp\/v2\/pages\/704","targetHints":{"allow":["GET"]}}],"collection":[{"href":"https:\/\/www.steelshooting.de\/index.php\/wp-json\/wp\/v2\/pages"}],"about":[{"href":"https:\/\/www.steelshooting.de\/index.php\/wp-json\/wp\/v2\/types\/page"}],"author":[{"embeddable":true,"href":"https:\/\/www.steelshooting.de\/index.php\/wp-json\/wp\/v2\/users\/2"}],"replies":[{"embeddable":true,"href":"https:\/\/www.steelshooting.de\/index.php\/wp-json\/wp\/v2\/comments?post=704"}],"version-history":[{"count":5,"href":"https:\/\/www.steelshooting.de\/index.php\/wp-json\/wp\/v2\/pages\/704\/revisions"}],"predecessor-version":[{"id":718,"href":"https:\/\/www.steelshooting.de\/index.php\/wp-json\/wp\/v2\/pages\/704\/revisions\/718"}],"wp:attachment":[{"href":"https:\/\/www.steelshooting.de\/index.php\/wp-json\/wp\/v2\/media?parent=704"}],"curies":[{"name":"wp","href":"https:\/\/api.w.org\/{rel}","templated":true}]}}