{"id":656,"date":"2022-02-08T15:04:39","date_gmt":"2022-02-08T14:04:39","guid":{"rendered":"https:\/\/www.steelshooting.de\/?page_id=656"},"modified":"2024-08-08T09:11:12","modified_gmt":"2024-08-08T07:11:12","slug":"__trashed-2","status":"publish","type":"page","link":"https:\/\/www.steelshooting.de\/index.php\/__trashed-2\/","title":{"rendered":"Speed Steel\u00ae &#8211; Ziele"},"content":{"rendered":"\n<p class=\"has-medium-font-size\">Alle hier vorgestellten Einzelteile, Baus\u00e4tze, Komplett- und Einzelziele sowie das n\u00f6tige Zubeh\u00f6r und k\u00f6nnen bei der <a rel=\"noreferrer noopener\" href=\"http:\/\/www.gordon-verwaltung.de\" target=\"_blank\">Matchagentur <\/a>bezogen werden. Aufgrund der nicht vorhersehbaren Preisentwicklung gibt es allerdings f\u00fcr Stahlteile derzeit nur noch Tagespreise (auf Anfrage); etwa vorhandenen Preislisten dienen nur als Anhalt.<\/p>\n\n\n\n<p>&nbsp;<\/p>\n\n\n\n<p class=\"has-medium-font-size\"><strong><a rel=\"noreferrer noopener\" href=\"https:\/\/www.steelshooting.de\/index.php\/ziele-einzelmedien\/\" target=\"_blank\">Zielmedieninfo<\/a><\/strong><\/p>\n\n\n\n<p>&nbsp;<\/p>\n\n\n\n<p>Rechteckplatten<\/p>\n\n\n\n<p>Rundplatten<\/p>\n\n\n\n<p>Halsplatten mit Loch f\u00fcr Klemmblech mit Bolzenaufnahme (f\u00fcr FP-Anlagen)<br>+<a rel=\"noreferrer noopener\" href=\"https:\/\/www.steelshooting.de\/wp-content\/uploads\/2022\/02\/Bild-HalsplmKlemmbl_3902.jpeg\" target=\"_blank\"> Bild Einzel mit Basisplatte<\/a><br><a href=\"https:\/\/www.steelshooting.de\/wp-content\/uploads\/2022\/02\/Bild-Halsplmklbl_3646.jpeg\" target=\"_blank\" rel=\"noreferrer noopener\">+ Bild mehrere<\/a><\/p>\n\n\n\n<p>Beast (Fallbohne)<br>+ <a href=\"https:\/\/www.steelshooting.de\/wp-content\/uploads\/2022\/02\/Bild_Beast_3645.jpeg\" target=\"_blank\" rel=\"noreferrer noopener\">Bild<\/a><\/p>\n\n\n\n<p>Halsplatten mit Steg (F\u00fcr Knockdown- und Selfsetter-Basisbleche)<br>+ <a href=\"https:\/\/www.steelshooting.de\/wp-content\/uploads\/2022\/02\/Bild-Stegpl_5610-scaled.jpeg\" target=\"_blank\" rel=\"noreferrer noopener\">Bild<\/a><\/p>\n\n\n\n<p>&nbsp;<\/p>\n\n\n\n<p class=\"has-medium-font-size\"><strong>Komplettziele<\/strong><\/p>\n\n\n\n<p>IPSC Ziele (Regelkonforme Stahlziele)<br>+ Rechteckplate <a href=\"https:\/\/www.steelshooting.de\/wp-content\/uploads\/2024\/08\/Rechteckziel_Bilder_klein.pdf\">Bilderserie<\/a><br>+ Rechteckplate, <a href=\"https:\/\/www.steelshooting.de\/wp-content\/uploads\/2024\/08\/IPSC-Rechteckplatte_Beschreibung_240808.pdf\">Zielbeschreibung und Bausatzerkkl\u00e4rung<\/a><\/p>\n\n\n\n<p>Duellentscheider<br>+ <a href=\"https:\/\/www.steelshooting.de\/wp-content\/uploads\/2022\/02\/Bild-SelfS_5708-scaled.jpeg\" target=\"_blank\" rel=\"noreferrer noopener\">Bild<\/a><br>+ <a rel=\"noreferrer noopener\" href=\"https:\/\/www.youtube.com\/watch?v=a81Z7q2MgvY\" target=\"_blank\">Infofilm<\/a><br>+ <a rel=\"noreferrer noopener\" href=\"https:\/\/www.youtube.com\/watch?v=hjaHhATreX8&amp;t=3s\" target=\"_blank\">Test<\/a><\/p>\n\n\n\n<p>Kill the Beast<br>+ <a href=\"https:\/\/www.steelshooting.de\/wp-content\/uploads\/2022\/02\/Bild-KtB_4955.jpeg\" target=\"_blank\" rel=\"noreferrer noopener\">Bild<\/a><br>+ <a rel=\"noreferrer noopener\" href=\"https:\/\/www.youtube.com\/watch?v=6s_s2RqIUPQ\" target=\"_blank\">Infofilm<\/a><\/p>\n\n\n\n<p>Triple-Pole<\/p>\n\n\n\n<p>Quadro-Pole<br>+ <a href=\"https:\/\/www.steelshooting.de\/wp-content\/uploads\/2022\/02\/Bild-Multipole_5058.jpeg\" target=\"_blank\" rel=\"noreferrer noopener\">Bild Pole ohne Platten<\/a><br>+ <a rel=\"noreferrer noopener\" href=\"https:\/\/www.youtube.com\/watch?v=6s_s2RqIUPQ\" target=\"_blank\">Infofilm<\/a><\/p>\n\n\n\n<p>Selfsetter<br>+ <a rel=\"noreferrer noopener\" href=\"https:\/\/www.youtube.com\/watch?v=6ve28aqTxnk&amp;t=18s\" target=\"_blank\">Infofilm<\/a><br>+ <a href=\"https:\/\/www.steelshooting.de\/wp-content\/uploads\/2022\/02\/Bild-Selfsdoppel_5303.jpeg\" target=\"_blank\" rel=\"noreferrer noopener\">Bild<\/a><\/p>\n\n\n\n<p>&nbsp;<\/p>\n\n\n\n<p class=\"has-medium-font-size\"><strong>Einzelkomponenten aus Metall<\/strong><\/p>\n\n\n\n<p>Ausleger<br>+ <a href=\"https:\/\/www.steelshooting.de\/wp-content\/uploads\/2022\/02\/Bild-AuslegamPole_1619.jpeg\" target=\"_blank\" rel=\"noreferrer noopener\">Bild am Pole<\/a><br>+ <a rel=\"noreferrer noopener\" href=\"https:\/\/www.steelshooting.de\/wp-content\/uploads\/2022\/02\/Bild-AuslmRT_4377.jpeg\" target=\"_blank\">Bild mit Reifentr\u00e4ger<\/a><br>+ <a rel=\"noreferrer noopener\" href=\"https:\/\/www.youtube.com\/watch?v=Zs8ADLJ4468&amp;t=17s\" target=\"_blank\">Infofilm<\/a><\/p>\n\n\n\n<p>Haken<\/p>\n\n\n\n<p>Holzstapelhilfe<\/p>\n\n\n\n<p>Klemmblech<br>+ <a href=\"https:\/\/www.steelshooting.de\/wp-content\/uploads\/2022\/02\/Bild-Klembl_3572.jpeg\" target=\"_blank\" rel=\"noreferrer noopener\">Bild<\/a><\/p>\n\n\n\n<p>Mastpanzer<br>+ <a href=\"https:\/\/www.steelshooting.de\/wp-content\/uploads\/2022\/02\/Bild-Mastp_5492.jpeg\" target=\"_blank\" rel=\"noreferrer noopener\">Bild<\/a><br>+ <a rel=\"noreferrer noopener\" href=\"https:\/\/www.youtube.com\/watch?v=m8mRm_eESb0\" target=\"_blank\">Infofilm<\/a><\/p>\n\n\n\n<p>Querst\u00e4be<\/p>\n\n\n\n<p>Rechteckplatten<\/p>\n\n\n\n<p>Reifentr\u00e4ger<br>+ <a href=\"https:\/\/www.steelshooting.de\/wp-content\/uploads\/2022\/02\/Bild-AuslmRT_4377.jpeg\" target=\"_blank\" rel=\"noreferrer noopener\">Bild am Ausleger<\/a><\/p>\n\n\n\n<p>Riser<br>+ <a href=\"https:\/\/www.steelshooting.de\/wp-content\/uploads\/2022\/02\/Bild-Riser_5475.jpeg\" target=\"_blank\" rel=\"noreferrer noopener\">Bild<\/a><\/p>\n\n\n\n<p>Rundplatten<\/p>\n\n\n\n<p>Selfsetterbasis<br>+ <a href=\"https:\/\/www.steelshooting.de\/wp-content\/uploads\/2022\/02\/Bild-SSBasis_5286.jpeg\" target=\"_blank\" rel=\"noreferrer noopener\">Bild<\/a><\/p>\n\n\n\n<p>Selfsetterprallblech<\/p>\n\n\n\n<p>Selfsetter Aufstellb\u00fcgel<\/p>\n\n\n\n<p>Selfsetter Panzerung (3-teilig)<br>+ <a href=\"https:\/\/www.steelshooting.de\/wp-content\/uploads\/2022\/02\/Bild_Panzergrdundpl_5285.jpeg\" target=\"_blank\" rel=\"noreferrer noopener\">Bild Grundplatte<\/a><br>+ <a rel=\"noreferrer noopener\" href=\"https:\/\/www.steelshooting.de\/wp-content\/uploads\/2022\/02\/Bild-SSPanzer_5254.jpeg\" target=\"_blank\">Bild<\/a><\/p>\n\n\n\n<p>Splitterfangkasten<br>+ <a rel=\"noreferrer noopener\" href=\"https:\/\/www.youtube.com\/watch?v=-ZLeWTCJ3P4&amp;t=22s\" target=\"_blank\">Infofilm<\/a><br>+ <a rel=\"noreferrer noopener\" href=\"https:\/\/www.youtube.com\/watch?v=JtXwiVc0yEc&amp;t=578s\" target=\"_blank\">Splitteraufnahmemedien<\/a> (Test von R\u00fcckprallschutz)<\/p>\n\n\n\n<p>&nbsp;<\/p>\n\n\n\n<p class=\"has-medium-font-size\"><strong>Einzelkomponenten aus Holz<\/strong><\/p>\n\n\n\n<p>Fu\u00df<br>+ <a href=\"https:\/\/www.youtube.com\/watch?v=xL8MXEHPzBc\" target=\"_blank\" rel=\"noreferrer noopener\">Infofilm<\/a><\/p>\n\n\n\n<p>Fu\u00dfpanzer<\/p>\n\n\n\n<p>Fu\u00dfkeil<\/p>\n\n\n\n<p>Mast<br>+ <a href=\"https:\/\/www.youtube.com\/watch?v=gNmwcWD2Hzo\" target=\"_blank\" rel=\"noreferrer noopener\">Infofilm<\/a><\/p>\n","protected":false},"excerpt":{"rendered":"<p>Alle hier vorgestellten Einzelteile, Baus\u00e4tze, Komplett- und Einzelziele sowie das n\u00f6tige Zubeh\u00f6r und k\u00f6nnen bei der Matchagentur bezogen werden. Aufgrund der nicht vorhersehbaren Preisentwicklung gibt es allerdings f\u00fcr Stahlteile derzeit nur noch Tagespreise (auf Anfrage); etwa vorhandenen Preislisten dienen nur als Anhalt. &nbsp; Zielmedieninfo &nbsp; Rechteckplatten Rundplatten Halsplatten mit Loch f\u00fcr Klemmblech mit Bolzenaufnahme (f\u00fcr&hellip; <br \/> <a class=\"read-more\" href=\"https:\/\/www.steelshooting.de\/index.php\/__trashed-2\/\">Weiterlesen<\/a><\/p>\n","protected":false},"author":2,"featured_media":0,"parent":0,"menu_order":0,"comment_status":"closed","ping_status":"closed","template":"","meta":{"footnotes":""},"class_list":["post-656","page","type-page","status-publish","hentry"],"_links":{"self":[{"href":"https:\/\/www.steelshooting.de\/index.php\/wp-json\/wp\/v2\/pages\/656","targetHints":{"allow":["GET"]}}],"collection":[{"href":"https:\/\/www.steelshooting.de\/index.php\/wp-json\/wp\/v2\/pages"}],"about":[{"href":"https:\/\/www.steelshooting.de\/index.php\/wp-json\/wp\/v2\/types\/page"}],"author":[{"embeddable":true,"href":"https:\/\/www.steelshooting.de\/index.php\/wp-json\/wp\/v2\/users\/2"}],"replies":[{"embeddable":true,"href":"https:\/\/www.steelshooting.de\/index.php\/wp-json\/wp\/v2\/comments?post=656"}],"version-history":[{"count":21,"href":"https:\/\/www.steelshooting.de\/index.php\/wp-json\/wp\/v2\/pages\/656\/revisions"}],"predecessor-version":[{"id":939,"href":"https:\/\/www.steelshooting.de\/index.php\/wp-json\/wp\/v2\/pages\/656\/revisions\/939"}],"wp:attachment":[{"href":"https:\/\/www.steelshooting.de\/index.php\/wp-json\/wp\/v2\/media?parent=656"}],"curies":[{"name":"wp","href":"https:\/\/api.w.org\/{rel}","templated":true}]}}