{"id":62,"date":"2022-01-22T11:47:21","date_gmt":"2022-01-22T10:47:21","guid":{"rendered":"https:\/\/server.it-services-haase.de\/?page_id=62"},"modified":"2022-02-08T16:31:36","modified_gmt":"2022-02-08T15:31:36","slug":"liga-matchliste","status":"publish","type":"page","link":"https:\/\/www.steelshooting.de\/index.php\/liga-matchliste\/","title":{"rendered":"Liga > Matchliste"},"content":{"rendered":"\n<h1 class=\"wp-block-heading\" id=\"angemeldete-qualifikationsmatches-fur-die-liga\">Angemeldete Qualifikationsmatches f\u00fcr die LIGA<\/h1>\n\n\n\n<p class=\"has-medium-font-size\"><\/p>\n\n\n\n<figure class=\"wp-block-table has-medium-font-size\"><table><thead><tr><th scope=\"col\">Match-ID<\/th><th scope=\"col\">Datum<\/th><th scope=\"col\">Ort<\/th><th scope=\"col\">Ausrichter<\/th><th scope=\"col\">Links<\/th><\/tr><\/thead><tbody><tr><td>0001 &#8211; SVB<\/td><td>27.12.-29.12.2019<\/td><td>Burgst\u00e4dt<\/td><td>SV Burgst\u00e4dt<\/td><td><a href=\"https:\/\/www.schuetzenverein-burgstaedt.de\/\" target=\"_blank\" rel=\"noreferrer noopener\" class=\"broken_link\">SV Burgst\u00e4dt<\/a><a href=\"http:\/\/www.steelshooting.de\/fileadmin\/user_upload\/LIGA\/Liga_Ausschreibung_Qualimatch_0001.pdf\" class=\"broken_link\">Ausschreibung<\/a><a href=\"https:\/\/ipscmatch.de\/index.pl?match=2019_Speed_Steel_oMDM\" target=\"_blank\" rel=\"noreferrer noopener\">Anmeldung<\/a><\/td><\/tr><tr><td>0002 &#8211; FSD<\/td><td>21.09.-22.09.2019<\/td><td>Bamberg<\/td><td>Vorm. priv. SG 1306 Bamberg<\/td><td><a href=\"https:\/\/www.sg1306.de\/contest\/index.php\" target=\"_blank\" rel=\"noreferrer noopener\" class=\"broken_link\">Vorm. priv. SG 1306 Bamberg<\/a><a href=\"http:\/\/www.steelshooting.de\/fileadmin\/user_upload\/LIGA\/Qualifyer_Ausschr\/0002_FSC2019.pdf\" class=\"broken_link\">Ausschreibung<\/a><a href=\"https:\/\/ipscmatch.de\/index.pl?match=Speedsteel_Liga_Qualifier_Shooting_Days_2019\" target=\"_blank\" rel=\"noreferrer noopener\">Anmeldung<\/a><\/td><\/tr><tr><td>0003 -HPP<\/td><td>21.08.-23.08.2020<\/td><td>SAPB Philippsburg<\/td><td>HPPC e.V.<\/td><td><a href=\"http:\/\/hppc.eu\/\">HPPC e.V.<\/a><a href=\"https:\/\/ipscmatch.de\/index.pl?match=2020_HPPC_Jackpot_League_Qualifier&amp;announcement\" target=\"_blank\" rel=\"noreferrer noopener\">Ausschreibung<\/a><a href=\"https:\/\/ipscmatch.de\/index.pl?match=2020_HPPC_Jackpot_League_Qualifier\" target=\"_blank\" rel=\"noreferrer noopener\">Anmeldung<\/a><\/td><\/tr><tr><td>0005-LV11<\/td><td>06.11.2021<\/td><td><a href=\"https:\/\/www.google.de\/maps\/place\/51%C2%B025'39.7%22N+11%C2%B044'05.3%22E\/@51.4273167,11.7336664,17.31z\/data=!4m6!3m5!1s0x0:0x0!7e2!8m2!3d51.4276942!4d11.7348059?hl=de\" target=\"_blank\" rel=\"noreferrer noopener\">GKSV Dornstedt<\/a><\/td><td><a href=\"https:\/\/www.bds-lv11.de\/index.htm\" target=\"_blank\" rel=\"noreferrer noopener\" class=\"broken_link\">BDS LV11<\/a>,<br>Ansprechpartner siehe Anmeldungsseite<\/td><td><a rel=\"noreferrer noopener\" href=\"https:\/\/steelmatch.de\/index.pl?match=Speed_Steel_Weihnachts_CUP_2021\" target=\"_blank\">Anmeldung<\/a><a rel=\"noreferrer noopener\" href=\"https:\/\/steelmatch.de\/index.pl?nr&amp;match=Speed_Steel_Weihnachts_CUP_2021&amp;announcement\" target=\"_blank\"> <\/a><a rel=\"noreferrer noopener\" href=\"https:\/\/steelmatch.de\/index.pl?nr&amp;match=Speed_Steel_Weihnachts_CUP_2021&amp;announcement\" target=\"_blank\">Ausschreibung<\/a><\/td><\/tr><tr><td>0004 -ISS<\/td><td>19.06.2021<\/td><td><a href=\"https:\/\/www.schuetzenverein-burgstaedt.de\/\" target=\"_blank\" rel=\"noreferrer noopener\" class=\"broken_link\">SV Burgst\u00e4dt<\/a><\/td><td>ISSA,&nbsp;<a href=\"http:\/\/schuetzenhaus-burgstaedt.de\/\" target=\"_blank\" rel=\"noreferrer noopener\" class=\"broken_link\">Sch\u00fctzenhaus Burgst\u00e4dt<\/a>, SVB<\/td><td><a rel=\"noreferrer noopener\" href=\"http:\/\/www.steelshooting.de\/\" target=\"_blank\">ISSA,&nbsp;<\/a><a rel=\"noreferrer noopener\" href=\"http:\/\/schuetzenhaus-burgstaedt.de\/\" target=\"_blank\" class=\"broken_link\">Sch\u00fctzenhaus Burgst\u00e4dt<\/a>, SVB<\/td><\/tr><tr><td>0006-ISS<\/td><td>27-29.5.2022<\/td><td>SV Burgst\u00e4dt<\/td><td>ISSA,&nbsp;<a rel=\"noreferrer noopener\" href=\"http:\/\/schuetzenhaus-burgstaedt.de\/\" target=\"_blank\" class=\"broken_link\">Sch\u00fctzenhaus Burgst\u00e4dt<\/a>, SVB<\/td><td>Anmeldung, Ausschreibung, <a rel=\"noreferrer noopener\" href=\"http:\/\/schuetzenhaus-burgstaedt.de\/\" target=\"_blank\" class=\"broken_link\">Sch\u00fctzenhaus Burgst\u00e4dt<\/a>, SVB<\/td><\/tr><tr><td>0007-???<\/td><td><\/td><td><\/td><td><\/td><td><\/td><\/tr><tr><td>7<\/td><td><\/td><td><\/td><td><\/td><td><\/td><\/tr><tr><td>8<\/td><td><\/td><td><\/td><td><\/td><td><\/td><\/tr><tr><td>9<\/td><td><\/td><td><\/td><td><\/td><td><\/td><\/tr><tr><td>10<\/td><td><\/td><td><\/td><td><\/td><td><\/td><\/tr><tr><td><\/td><td><\/td><td><\/td><\/tr><\/tbody><\/table><\/figure>\n","protected":false},"excerpt":{"rendered":"<p>Angemeldete Qualifikationsmatches f\u00fcr die LIGA Match-ID Datum Ort Ausrichter Links 0001 &#8211; SVB 27.12.-29.12.2019 Burgst\u00e4dt SV Burgst\u00e4dt SV Burgst\u00e4dtAusschreibungAnmeldung 0002 &#8211; FSD 21.09.-22.09.2019 Bamberg Vorm. priv. SG 1306 Bamberg Vorm. priv. SG 1306 BambergAusschreibungAnmeldung 0003 -HPP 21.08.-23.08.2020 SAPB Philippsburg HPPC e.V. HPPC e.V.AusschreibungAnmeldung 0005-LV11 06.11.2021 GKSV Dornstedt BDS LV11,Ansprechpartner siehe Anmeldungsseite Anmeldung Ausschreibung 0004 -ISS&hellip; <br \/> <a class=\"read-more\" href=\"https:\/\/www.steelshooting.de\/index.php\/liga-matchliste\/\">Weiterlesen<\/a><\/p>\n","protected":false},"author":2,"featured_media":0,"parent":0,"menu_order":0,"comment_status":"closed","ping_status":"closed","template":"","meta":{"footnotes":""},"class_list":["post-62","page","type-page","status-publish","hentry"],"_links":{"self":[{"href":"https:\/\/www.steelshooting.de\/index.php\/wp-json\/wp\/v2\/pages\/62","targetHints":{"allow":["GET"]}}],"collection":[{"href":"https:\/\/www.steelshooting.de\/index.php\/wp-json\/wp\/v2\/pages"}],"about":[{"href":"https:\/\/www.steelshooting.de\/index.php\/wp-json\/wp\/v2\/types\/page"}],"author":[{"embeddable":true,"href":"https:\/\/www.steelshooting.de\/index.php\/wp-json\/wp\/v2\/users\/2"}],"replies":[{"embeddable":true,"href":"https:\/\/www.steelshooting.de\/index.php\/wp-json\/wp\/v2\/comments?post=62"}],"version-history":[{"count":4,"href":"https:\/\/www.steelshooting.de\/index.php\/wp-json\/wp\/v2\/pages\/62\/revisions"}],"predecessor-version":[{"id":701,"href":"https:\/\/www.steelshooting.de\/index.php\/wp-json\/wp\/v2\/pages\/62\/revisions\/701"}],"wp:attachment":[{"href":"https:\/\/www.steelshooting.de\/index.php\/wp-json\/wp\/v2\/media?parent=62"}],"curies":[{"name":"wp","href":"https:\/\/api.w.org\/{rel}","templated":true}]}}