{"id":54,"date":"2022-01-22T11:42:40","date_gmt":"2022-01-22T10:42:40","guid":{"rendered":"https:\/\/server.it-services-haase.de\/?page_id=54"},"modified":"2022-02-09T15:27:38","modified_gmt":"2022-02-09T14:27:38","slug":"liga-alg-info","status":"publish","type":"page","link":"https:\/\/www.steelshooting.de\/index.php\/liga-alg-info\/","title":{"rendered":"Liga allgemeine Info"},"content":{"rendered":"\n<p class=\"has-medium-font-size\"><strong>Allgemeine Information<\/strong><\/p>\n\n\n\n<p class=\"has-medium-font-size\">An alle Schie\u00dfsportverb\u00e4nde, Vereine und schie\u00dfsportlichen Organisationen<\/p>\n\n\n\n<p class=\"has-medium-font-size\">Hallo Sportfreunde!&nbsp;<\/p>\n\n\n\n<p class=\"has-medium-font-size\">Sie sind ganz herzlich zur Teilnahme an der SPEED STEEL\u00ae-Jackpot League 2021 (Finale am 8.10.2022), der \u201eLIGA\u201c, eingeladen!<\/p>\n\n\n\n<p>&nbsp;<\/p>\n\n\n\n<p class=\"has-medium-font-size\"><strong>Die Liga:<\/strong><\/p>\n\n\n\n<p class=\"has-medium-font-size\">Die BDS SPEED STEEL\u00ae-Jackpot League 2021 (\u201eLiga\u201c) wird von der ISSA (International SPEED STEEL\u00ae Administration, Daten siehe unten) organisiert. Die Liga wird \u201eOverall only\u201c ausgetragen.<\/p>\n\n\n\n<p class=\"has-medium-font-size\">Die Liga startet am 1.6.2019 und ist eine \u00fcber l\u00e4ngere Zeit laufende Veranstaltung zur Verbreitung der Information \u00fcber die M\u00f6glichkeiten der BDS-Disziplin <a href=\"https:\/\/www.bdsnet.de\/steel\/speed.html\" target=\"_blank\" rel=\"noreferrer noopener\">\u201eSPEED STEEL\u00ae\u201c<\/a>. Teilnahmem\u00f6glichkeit besteht f\u00fcr jedermann.<\/p>\n\n\n\n<p class=\"has-medium-font-size\">Der Gewinn der Siegerpreise in den einzelnen Divisionen (Disziplinen, Waffenarten) ist Amateursch\u00fctzen vorbehalten! Es gilt das <a rel=\"noreferrer noopener\" href=\"https:\/\/www.steelshooting.de\/wp-content\/uploads\/2022\/02\/015_Liga_Amateurstatut_200813-2.pdf\" target=\"_blank\">Amateurstatut der LIGA<\/a>.<\/p>\n\n\n\n<p>&nbsp;<\/p>\n\n\n\n<p class=\"has-medium-font-size\"><strong>Das Projekt:<\/strong><\/p>\n\n\n\n<p class=\"has-medium-font-size\">Das Projekt ist auf Breitentauglichkeit, gesellige Elemente, Zuschauerattraktivit\u00e4t und Sponsoreneignung ausgerichtet. Vereine und Sch\u00fctzen aller Schie\u00dfsportverb\u00e4nde sind zur Teilnahme aufgerufen.<\/p>\n\n\n\n<p class=\"has-medium-font-size\">* Die M\u00f6glichkeit zur Qualifikation f\u00fcr das Finale wird europaweit auf beliebigen Schie\u00dfsportveranstaltungen durch eine genormte <a href=\"https:\/\/www.steelshooting.de\/wp-content\/uploads\/2022\/02\/1-2-3_Liga-Qualifyer-Stage_190428.pdf\" target=\"_blank\" rel=\"noreferrer noopener\">\u201eQualifyer-Stage\u201c<\/a> angeboten.<\/p>\n\n\n\n<p class=\"has-medium-font-size\">* Eine Liste im Internet informiert \u00fcber die jeweils aktuelle Rangstelle und die Berechtigung zur Teilnahme am Finale. Der \u201eCut\u201c wird voraussichtlich nach dem 10. Sch\u00fctzen liegen.&nbsp;<\/p>\n\n\n\n<p class=\"has-medium-font-size\">* Der Sieger wird unter den jeweils <a href=\"https:\/\/www.steelshooting.de\/index.php\/liga-rangliste\/\" target=\"_blank\" rel=\"noreferrer noopener\">Besten der Disziplinen<\/a> ausgeschossen.<\/p>\n\n\n\n<p class=\"has-medium-font-size\">* Die <a rel=\"noreferrer noopener\" href=\"https:\/\/www.steelshooting.de\/index.php\/liga-sponsoren\/\" target=\"_blank\">Sponsoren<\/a> stellen attraktive Preise zur Verf\u00fcgung.<\/p>\n\n\n\n<p>&nbsp;<\/p>\n\n\n\n<p class=\"has-medium-font-size\"><strong>Waffenarten:<\/strong><\/p>\n\n\n\n<p class=\"has-medium-font-size\">Es gibt <a href=\"https:\/\/www.steelshooting.de\/index.php\/liga-divisionen\/\" target=\"_blank\" rel=\"noreferrer noopener\">5 Divisionen<\/a>, die von bereits gewonnenen Sponsoren unterst\u00fctzt werden.<\/p>\n\n\n\n<p class=\"has-medium-font-size\">1. Pistole (Zentralfeuer) ohne optische Visierung,<\/p>\n\n\n\n<p class=\"has-medium-font-size\"><strong>Sponsor: <\/strong><a href=\"http:\/\/www.carl-walther.de\/\" target=\"_blank\" rel=\"noreferrer noopener\"><strong>Carl Walther<\/strong><\/a><\/p>\n\n\n\n<p class=\"has-medium-font-size\"><strong>Division 12121, Pistol Standard<\/strong><br><\/p>\n\n\n\n<p class=\"has-medium-font-size\">2. Revolver (Zentralfeuer) mit oder ohne optische Visierung,<\/p>\n\n\n\n<p class=\"has-medium-font-size\"><strong>Sponsor: <\/strong><a href=\"https:\/\/kortharms.com\" target=\"_blank\" rel=\"noreferrer noopener\"><strong>KORTH<\/strong> Arms<\/a><\/p>\n\n\n\n<p class=\"has-medium-font-size\"><strong>Division 12135, Revolver Any<\/strong><br><\/p>\n\n\n\n<p class=\"has-medium-font-size\">3. Pistole (Randfeuer) ohne optische Visierung,<\/p>\n\n\n\n<p class=\"has-medium-font-size\"><strong>Sponsor: <\/strong><a href=\"http:\/\/www.waffenwelt.com\/\" target=\"_blank\" rel=\"noreferrer noopener\"><strong>Waffenwelt DIRK FREY<\/strong><\/a><\/p>\n\n\n\n<p class=\"has-medium-font-size\"><strong>Division 12611, Rimfire Handgun Standard<\/strong><br><\/p>\n\n\n\n<p class=\"has-medium-font-size\">4. Halbautomatische Langwaffe\/Schaftkurzwaffe f\u00fcr Kurzwaffenpatronen, beliebige Visierung,<\/p>\n\n\n\n<p class=\"has-medium-font-size\"><strong>Sponsor: <\/strong><a href=\"http:\/\/www.hera-arms.de\/\" target=\"_blank\" rel=\"noreferrer noopener\"><strong>HERA ARMS<\/strong><\/a><\/p>\n\n\n\n<p class=\"has-medium-font-size\"><strong>Division 12965, Stockpistol and Rifle pistol-caliber semiauto Any&nbsp;<\/strong><br><\/p>\n\n\n\n<p class=\"has-medium-font-size\">5. Halbautomatische Langwaffe\/Schaftkurzwaffe f\u00fcr Randfeuerpatrone, beliebige Visierung,<\/p>\n\n\n\n<p class=\"has-medium-font-size\"><strong>Sponsor: <\/strong><a href=\"http:\/\/www.schoger-arms.de\/\" target=\"_blank\" rel=\"noreferrer noopener\"><strong>Schoger Arms<\/strong><\/a><\/p>\n\n\n\n<p class=\"has-medium-font-size\"><strong>Division 12765, RF Rifle semiauto Any.<\/strong><br><\/p>\n\n\n\n<p>&nbsp;<\/p>\n\n\n\n<p class=\"has-medium-font-size\"><strong>Ligaphase und Qualifikation:<\/strong><\/p>\n\n\n\n<p class=\"has-medium-font-size\">Sch\u00fctzen nehmen zur Erlangung einer Qualifikation f\u00fcr das Finale europaweit an Wettk\u00e4mpfen teil, auf denen &#8211; mindestens &#8211; die genormte <a rel=\"noreferrer noopener\" href=\"https:\/\/www.steelshooting.de\/wp-content\/uploads\/2022\/02\/1-2-3_Liga-Qualifyer-Stage_190428.pdf\" data-type=\"URL\" data-id=\"https:\/\/www.steelshooting.de\/wp-content\/uploads\/2022\/02\/1-2-3_Liga-Qualifyer-Stage_190428.pdf\" target=\"_blank\">Qualifyer-Stage \u201eone-two-three\u201c <\/a>angeboten wird ). Mehrfachstart zur Qualifikation, auch auf demselben Match, ist erlaubt. Es gibt f\u00fcr jede Disziplin eine hier verlinkte <a rel=\"noreferrer noopener\" href=\"https:\/\/www.steelshooting.de\/index.php\/liga-rangliste\/\" target=\"_blank\">Bestenliste<\/a>, aus der sich die jeweils aktuelle Rangfolge der Wettbewerber ergibt; diese wird laufend aktualisiert und im Internet hier &nbsp;ver\u00f6ffentlicht.<\/p>\n\n\n\n<p class=\"has-medium-font-size\">Planung und Durchf\u00fchrung gelisteter Qualifikationsmatches wird von der ISSA begleitet.<\/p>\n\n\n\n<p>&nbsp;<\/p>\n\n\n\n<p class=\"has-medium-font-size\"><strong>Finale:<\/strong><\/p>\n\n\n\n<p class=\"has-medium-font-size\">* Das Finale wird am 8.10.2022 im Rahmen einer Veranstaltung des <a rel=\"noreferrer noopener\" href=\"https:\/\/www.bdslv11.de\" target=\"_blank\">LV 11 des BDS<\/a> in <a href=\"https:\/\/www.google.com\/maps\/dir\/\/dornstedt+schie\u00dfstand\/@51.1179001,11.9915696,9z\/data=!4m8!4m7!1m0!1m5!1m1!1s0x47a6817fece61c91:0x1dd90ea936462f95!2m2!1d11.735243!2d51.427605\" target=\"_blank\" rel=\"noreferrer noopener\">Dornstedt <\/a>ausgetragen.<\/p>\n\n\n\n<p class=\"has-medium-font-size\">* Zur Teilnahme am Finale werden jedenfalls &#8211; hiermit &#8211; die \u201eTOP-10 der jeweiligen<a href=\"http:\/\/www.steelshooting.de\/liga\/rangliste\/\" class=\"broken_link\"> <\/a><a href=\"http:\/\/www.steelshooting.de\/index.php\/liga-rangliste\/\" target=\"_blank\" rel=\"noreferrer noopener\">Rangliste<\/a> eingeladen. Die Wertung erfolgt Overall only; Sonderwertungen und Sonderpreise f\u00fcr Categories oder Aggregate sind m\u00f6glich.<\/p>\n\n\n\n<p class=\"has-medium-font-size\">* Die Gewinner der <a rel=\"noreferrer noopener\" href=\"https:\/\/www.steelshooting.de\/index.php\/liga-divisionen\/\" target=\"_blank\">Divisionen<\/a> erhalten, sofern die<a href=\"http:\/\/www.steelshooting.de\/fileadmin\/user_upload\/LIGA\/016_Ehrenerkla__rung_zum_Amateurstatut_200813.pdf\" class=\"broken_link\"> <\/a><a rel=\"noreferrer noopener\" href=\"https:\/\/www.steelshooting.de\/wp-content\/uploads\/2022\/02\/016_Liga_Ehrenerklaerung_200813-2.pdf\" target=\"_blank\">Ehrenerkl\u00e4rung zum Amateurstatus <\/a>der ISSA vorliegt, die Siegerpreise der Sponsoren. Die weiteren Finalteilnehmer sowie anwesende Sch\u00fctzen, f\u00fcr die Qualifikationsergebnisse eingereicht wurden (LIGA-Sch\u00fctzen), nehmen an einer Verlosung von Sachpreisen der Sponsoren teil.<\/p>\n\n\n\n<p>&nbsp;<\/p>\n\n\n\n<p class=\"has-medium-font-size\"><strong>Qualifikationsmatches:<\/strong><\/p>\n\n\n\n<p class=\"has-medium-font-size\">Jedes Match, gleich wo es stattfindet, wer es veranstaltet und unabh\u00e4ngig von Art und Gr\u00f6\u00dfe der Veranstaltung, kann als Qualifikationsmatch genutzt werden. Qualifikationsmatches sind auf jeder Range, auch auf St\u00e4nden ohne Stahlzulassung, durch den Einsatz von \u201ePapersteel\u201c m\u00f6glich. Eine M\u00f6glichkeit zum Schie\u00dfen auf Zwischenentfernungen (Multidistanz) oder das Schie\u00dfen aus Positionen auf der Schie\u00dfbahn (Mehrdistanz) ist nicht erforderlich. Bei Austragung auf 25 Meter wird die Vergleichbarkeit der Zeiten auf 9 bis 11 Meter durch eine von der ISSA festgelegte Zeitgutschrift (Handycap) sichergestellt.<\/p>\n\n\n\n<p class=\"has-medium-font-size\">* Die <a href=\"https:\/\/www.steelshooting.de\/wp-content\/uploads\/2022\/02\/1-2-3_Liga-Qualifyer-Stage_190428.pdf\" target=\"_blank\" rel=\"noreferrer noopener\">Qualifyer-Stage<\/a> kann auf Stahl und auch auf Kunststoff oder Papierziele geschossen werden. Die ISSA ber\u00e4t und betreut die Vereine auf Wunsch bei der Beschaffung von <a href=\"https:\/\/www.steelshooting.de\/wp-content\/uploads\/2022\/02\/025_Liga_Stage_Matbdarf-190513.pdf\" target=\"_blank\" rel=\"noreferrer noopener\">Stahl-Ziel-Material<\/a>. Dieses steht \u00fcber die <a href=\"http:\/\/www.gordon-verwaltung.de\" target=\"_blank\" rel=\"noreferrer noopener\">Matchagentur<\/a> zur Miete und zum Verkauf zur Verf\u00fcgung.<\/p>\n\n\n\n<p class=\"has-medium-font-size\">Eine Qualifikation f\u00fcr das Finale kann auf dem Match erlangt werden, wenn<\/p>\n\n\n\n<p class=\"has-medium-font-size\">* die <a rel=\"noreferrer noopener\" href=\"https:\/\/www.steelshooting.de\/wp-content\/uploads\/2022\/02\/1-2-3_Liga-Qualifyer-Stage_190428.pdf\" target=\"_blank\">Qualifyer Stage \u201e1-2-3\u201c<\/a> (innerhalb des Matches oder als Zusatzstage) ligakonform angeboten und nach dem jeweils &#8211; ausweislich der BVA-Webseite &#8211; g\u00fcltigen <a rel=\"noreferrer noopener\" href=\"https:\/\/www.bva.bund.de\/DE\/Services\/Buerger\/Ausweis-Dokumente-Recht\/Waffenrecht\/Schiesssport\/_functions\/tabelle_bild_bds.html;jsessionid=B2C2598EA65F9FD9AF41C34C6F0163B4.intranet381?nn=223908\" target=\"_blank\">SPEED STEEL\u00ae-Regelwerk<\/a> geschossen wird,<\/p>\n\n\n\n<p class=\"has-medium-font-size\">* das Match innerhalb einer Zeitspanne von max. 96 Stunden (4 Tage) geschossen ist,<\/p>\n\n\n\n<p class=\"has-medium-font-size\">* der Veranstalter das Match vor dem ersten Schuss bei der ISSA <a href=\"https:\/\/www.steelshooting.de\/wp-content\/uploads\/2022\/02\/050_Liga_Matchanmeldung-190513.pdf\" target=\"_blank\" rel=\"noreferrer noopener\">als Qualifikationsmatch anmeldet<\/a> (Email bevorzugt),<\/p>\n\n\n\n<p class=\"has-medium-font-size\">* der Veranstalter der ISSA innerhalb von 14 Tagen nach dem Match eine Aufbaudokumentation der Qualifyer-Stage 1-2-3 (Bild, Abmessungen) und die <a href=\"https:\/\/www.steelshooting.de\/wp-content\/uploads\/2022\/02\/060_Liga_Ergebnismeldung-190513.pdf\" target=\"_blank\" rel=\"noreferrer noopener\">Qualifikationsergebnisse<\/a> der Sch\u00fctzen unter Angabe von Tag des Schie\u00dfens, Ort des Schie\u00dfens, Schie\u00dfentfernung, Name, Vorname, Korrespondenzadresse (Email bevorzugt), Disziplin und Ergebnis (alle drei Runs einzeln) per Email an die ISSA meldet.<\/p>\n\n\n\n<p class=\"has-medium-font-size\">Der Veranstalter eines Qualifikationsmatches (ausgenommen die International SPEED STEEL\u00ae Administration selbst) bezahlt 100 Euro an die <a href=\"http:\/\/www.gordon-verwaltung.de\" target=\"_blank\" rel=\"noreferrer noopener\">Matchagentur<\/a> f\u00fcr die Ligakosten, davon vorab 50 Euro bei der Anmeldung. Erst danach wird das Match gelistet und eine Match-ID erteilt. Der Rest ist 14 Tage nach dem Match zu zahlen.<\/p>\n\n\n\n<p class=\"has-medium-font-size\">Die ISSA begleitet die Ausrichter bei der Matchorganisation.<br>Weitere Kosten fallen f\u00fcr den Veranstalter der Quali-Matches ligaseitig nicht an! Es besteht eine im \u00fcbrigen v\u00f6llig kosten- und aufwandsfreie Nutzbarkeit des Konzepts! Die Leistung der ISSA wird zum Wohle des Sports erbracht! Der veranstaltende Verein kann das Match zum eigenen Nutzen v\u00f6llig ohne weitere Kosten durchf\u00fchren! Er kann sogar ohne jede Anschaffung von Stahlzielen auf Papier schie\u00dfen lassen. Die ISSA \u00fcbernimmt allerdings zus\u00e4tzlich eine (befristete) Maximalpreisgrantie, damit zuverl\u00e4ssig kalkulierbar ist, dass der Verein, wenn er das Material nicht selbst anders beschaffen kann oder will, das komplette (verlinkte) <a rel=\"noreferrer noopener\" href=\"https:\/\/www.steelshooting.de\/wp-content\/uploads\/2022\/02\/025_Liga_Stage_Matbdarf-190513.pdf\" target=\"_blank\">Stahl-Ziel-Material f\u00fcr die Stage<\/a> (4 Stahlziele mit Fu\u00df, Mast, Panzer, St\u00e4nder und Splitterschutz) zu einem Preis von 2200 Euro bei der Matchagentur kaufen kann! Alles Knowhow, alle Unterlagen und die Videotutorials steht kostenfrei zur Verf\u00fcgung. Zus\u00e4tzlicher Aufwand ist fair zu erstatten. Wenn ein Verein tats\u00e4chlich Manpower, Schulung oder Material buchen will, muss er einfach fragen. Die ISSA k\u00fcmmert sich gern um die Bereitstellung, aber der Preis ist mit dem jeweiligen Anbieter dann zu vereinbaren und an diesen zu bezahlen.<\/p>\n\n\n\n<p>&nbsp;<\/p>\n\n\n\n<p class=\"has-medium-font-size\"><strong>Matchorganisation:<\/strong><\/p>\n\n\n\n<p class=\"has-medium-font-size\">F\u00fcr angemeldete und gelistete Matches gibt es<\/p>\n\n\n\n<p class=\"has-medium-font-size\">* Unterst\u00fctzung bei der gesamten Planung, Vorbereitung und Durchf\u00fchrung des Matches. Auch Schulungen und Demonstrationen sind nach Absprache m\u00f6glich.<\/p>\n\n\n\n<p class=\"has-medium-font-size\">* Aufnahme des Matches in die <a href=\"https:\/\/www.steelshooting.de\/index.php\/liga-matchliste\/\" target=\"_blank\" rel=\"noreferrer noopener\">Matchliste<\/a> auf www.STEELSHOOTING.de und Verlinkung zu einer Webseite des Veranstalters,&nbsp;<\/p>\n\n\n\n<p class=\"has-medium-font-size\">* Bereitstellung der Kontaktdaten der <a href=\"https:\/\/www.steelshooting.de\/index.php\/liga-sponsoren\/\" target=\"_blank\" rel=\"noreferrer noopener\">Sponsoren<\/a>, die der Veranstalter direkt anfragen und&nbsp; einbinden kann,<\/p>\n\n\n\n<p class=\"has-medium-font-size\">* Bereitstellung einer Dokumentation f\u00fcr den Stageaufbau der<a href=\"https:\/\/www.steelshooting.de\/wp-content\/uploads\/2022\/02\/1-2-3_Liga-Qualifyer-Stage_190428.pdf\" target=\"_blank\" rel=\"noreferrer noopener\"> Qualifyer-Stage<\/a>,<\/p>\n\n\n\n<p class=\"has-medium-font-size\">* \u00dcbernahme einer Preisgarantie f\u00fcr das gesamte <a href=\"https:\/\/www.steelshooting.de\/wp-content\/uploads\/2022\/02\/025_Liga_Stage_Matbdarf-190513.pdf\" target=\"_blank\" rel=\"noreferrer noopener\">Stagematerial<\/a> einer Qualifyer-Stage 1-2-3 (ohne \u201eFarbe\u201c und \u201eSonstiges\u201c) f\u00fcr 2200 Euro bei Kauf vor dem 30.6.2022 bei der Matchagentur,<\/p>\n\n\n\n<p class=\"has-medium-font-size\">* Bereitstellung von <a href=\"https:\/\/www.steelshooting.de\/index.php\/practiscore-tutorials\/\" target=\"_blank\" rel=\"noreferrer noopener\">Video-Tutorials<\/a> auf Youtube f\u00fcr den Einsatz des kostenlosen Matchscoringprogramms <a href=\"https:\/\/practiscore.com\" target=\"_blank\" rel=\"noreferrer noopener\" class=\"broken_link\">Practiscore<\/a> in deutscher Sprache,<\/p>\n\n\n\n<p class=\"has-medium-font-size\">* Bereitstellung einer gebrauchsfertigen ANDROID-Matchprogrammierung <a href=\"http:\/\/www.steelshooting.de\/fileadmin\/user_upload\/LIGA\/SPEED_STEEL_R__-_Ligaqualifyer-Stage_Template_190514_Export.psc\" class=\"broken_link\">(<\/a><a href=\"https:\/\/www.steelshooting.de\/index.php\/practiscore-templates\/\" target=\"_blank\" rel=\"noreferrer noopener\">Template)<\/a> f\u00fcr Practiscore. Tablets, Drucker und Stagetechnik (Timer, Anzeigebords k\u00f6nnen von der Matchagentur gemietet werden),<\/p>\n\n\n\n<p class=\"has-medium-font-size\">* Unterst\u00fctzung bei der \u00dcbernahme der Teilnehmer-Daten in Practiscore, wenn die Plattform <a href=\"https:\/\/steelmatch.de\/index.pl\" target=\"_blank\" rel=\"noreferrer noopener\">\u201eSTEELMATCH.DE\u201c<\/a> f\u00fcr die Registrierung genutzt wird,<\/p>\n\n\n\n<p class=\"has-medium-font-size\">* Bereitstellung eines <a rel=\"noreferrer noopener\" href=\"https:\/\/www.steelshooting.de\/wp-content\/uploads\/2022\/02\/040_Liga_Ausschreibung-190513.pdf\" target=\"_blank\">Vorschlags f\u00fcr die Ausschreibung<\/a> des Qualifikationsschie\u00dfens als Grundlage f\u00fcr die Matchausschreibung.<\/p>\n\n\n\n<p>&nbsp;<\/p>\n\n\n\n<p class=\"has-medium-font-size\"><strong>Datenschutz<\/strong>:<\/p>\n\n\n\n<p class=\"has-medium-font-size\">Auf allen Veranstaltungen werden f\u00fcr Dokumentation sowie \u00d6ffentlichkeitsarbeit Film- und Fotoaufnahmen gemacht. Personenbezogene Daten (z.B. Name, E-Mail usw.) werden nur gem\u00e4\u00df den Bestimmungen des europ\u00e4ischen und deutschen Datenschutzrechts verarbeitet. Der angegebene Name sowie die Wettbewerbsklasse werden in Verbindung mit den Rang- und Ergebnislisten ver\u00f6ffentlicht.&nbsp;<\/p>\n\n\n\n<p class=\"has-medium-font-size\">Die Verarbeitung der bei der Registrierung eingegebenen Daten erfolgt auf Grundlage Ihrer Einwilligung (Art. 6 Abs. 1 lit. a DSGVO). Ein Widerruf Ihrer bereits erteilten Einwilligung ist jederzeit m\u00f6glich. F\u00fcr den Widerruf gen\u00fcgt eine formlose Mitteilung per E-Mail (s.o.). Die Rechtm\u00e4\u00dfigkeit der bereits erfolgten Datenverarbeitung bleibt vom Widerruf unber\u00fchrt. Die Daten werden entsprechend der Zweckbestimmung an den Veranstalter der Veranstaltung oder dessen Beauftragte weitergegeben und ausschlie\u00dflich f\u00fcr die ordnungsgem\u00e4\u00dfe Durchf\u00fchrung der jeweiligen Veranstaltung verwendet. Im Falle wichtiger \u00c4nderungen informieren wir Sie per E-Mail. Die E-Mail wird an die Adresse versendet, die bei der Registrierung angegeben wurde. Wir speichern die bei der Registrierung erfassten Daten l\u00e4ngstens bis zum Ablauf des \u00fcbern\u00e4chsten auf die Veranstaltung folgenden Jahres. Eine l\u00e4ngere Speicherung durch die Veranstalter oder Dachorganisationen, z.B. zur Erf\u00fcllung der satzungsm\u00e4\u00dfigen Verbandszwecke gem. Art. 6 Abs. 1 lit b. DSGVO, ist m\u00f6glich. Im \u00dcbrigen gilt die Datenschutzerkl\u00e4rung auf dieser Webseite und dieRegeln der sonstigen Anbieter, z.B. des BDS und des Betreibers von IPSCMATCH.de.<\/p>\n\n\n\n<p>&nbsp;<\/p>\n\n\n\n<p class=\"has-medium-font-size\"><strong>Projektidee, Koordination, Umsetzung, Kontakt:<br><\/strong>International Speed Steel Administration&nbsp;c\/o M. Schoger, Sonnenhang 4, 87497 Wertach<br>Mike Schoger: +49-173-9447114; GCI@issa-online.eu,&nbsp;<br>Tilmann Keith: +49-172-5290102; <a href=\"mailto:tk@steelshooting.de\" target=\"_blank\" rel=\"noreferrer noopener\">Email hier klicken<\/a><\/p>\n\n\n\n<p class=\"has-medium-font-size\">Zahlungsabwicklung, Ziele, Stagetechnik Merchandise, Matchagentur:&nbsp;<\/p>\n\n\n\n<p class=\"has-medium-font-size\">Gordon Verwaltung GmbH, Slevogtstr. 82 a, 09114 Chemnitz.<\/p>\n\n\n\n<p class=\"has-medium-font-size\">Alle <a rel=\"noreferrer noopener\" href=\"https:\/\/www.steelshooting.de\/index.php\/liga-matchliste\/\" target=\"_blank\">Matches<\/a> sind hier verlinkt<\/p>\n\n\n\n<p class=\"has-medium-font-size\">Zu den <a rel=\"noreferrer noopener\" href=\"http:\/\/www.steelshooting.de\/index.php\/liga-rangliste\/\" target=\"_blank\">Ranglisten<\/a> findest Du hier &gt; du siehst, auch Du kannst es schaffen im <a href=\"https:\/\/steelmatch.de\/index.pl?match=2022_Finale_JP-Liga\" target=\"_blank\" rel=\"noreferrer noopener\">Finale<\/a> um die Hauptpreise zu k\u00e4mpfen.<\/p>\n","protected":false},"excerpt":{"rendered":"<p>Allgemeine Information An alle Schie\u00dfsportverb\u00e4nde, Vereine und schie\u00dfsportlichen Organisationen Hallo Sportfreunde!&nbsp; Sie sind ganz herzlich zur Teilnahme an der SPEED STEEL\u00ae-Jackpot League 2021 (Finale am 8.10.2022), der \u201eLIGA\u201c, eingeladen! &nbsp; Die Liga: Die BDS SPEED STEEL\u00ae-Jackpot League 2021 (\u201eLiga\u201c) wird von der ISSA (International SPEED STEEL\u00ae Administration, Daten siehe unten) organisiert. Die Liga wird \u201eOverall&hellip; <br \/> <a class=\"read-more\" href=\"https:\/\/www.steelshooting.de\/index.php\/liga-alg-info\/\">Weiterlesen<\/a><\/p>\n","protected":false},"author":2,"featured_media":0,"parent":0,"menu_order":0,"comment_status":"closed","ping_status":"closed","template":"","meta":{"footnotes":""},"class_list":["post-54","page","type-page","status-publish","hentry"],"_links":{"self":[{"href":"https:\/\/www.steelshooting.de\/index.php\/wp-json\/wp\/v2\/pages\/54","targetHints":{"allow":["GET"]}}],"collection":[{"href":"https:\/\/www.steelshooting.de\/index.php\/wp-json\/wp\/v2\/pages"}],"about":[{"href":"https:\/\/www.steelshooting.de\/index.php\/wp-json\/wp\/v2\/types\/page"}],"author":[{"embeddable":true,"href":"https:\/\/www.steelshooting.de\/index.php\/wp-json\/wp\/v2\/users\/2"}],"replies":[{"embeddable":true,"href":"https:\/\/www.steelshooting.de\/index.php\/wp-json\/wp\/v2\/comments?post=54"}],"version-history":[{"count":30,"href":"https:\/\/www.steelshooting.de\/index.php\/wp-json\/wp\/v2\/pages\/54\/revisions"}],"predecessor-version":[{"id":824,"href":"https:\/\/www.steelshooting.de\/index.php\/wp-json\/wp\/v2\/pages\/54\/revisions\/824"}],"wp:attachment":[{"href":"https:\/\/www.steelshooting.de\/index.php\/wp-json\/wp\/v2\/media?parent=54"}],"curies":[{"name":"wp","href":"https:\/\/api.w.org\/{rel}","templated":true}]}}