{"id":52,"date":"2022-01-22T11:37:50","date_gmt":"2022-01-22T10:37:50","guid":{"rendered":"https:\/\/server.it-services-haase.de\/?page_id=52"},"modified":"2022-02-08T16:18:54","modified_gmt":"2022-02-08T15:18:54","slug":"ss-datenschutz","status":"publish","type":"page","link":"https:\/\/www.steelshooting.de\/index.php\/ss-datenschutz\/","title":{"rendered":"Datenschutz"},"content":{"rendered":"\n<p><strong>Datenschutzerkl\u00e4rung<\/strong><\/p>\n\n\n\n<p>DATENSCHUTZHINWEISE<\/p>\n\n\n\n<p>A. DATENSCHUTZHINWEISE BEI NUTZUNG DER WEBSEITE<\/p>\n\n\n\n<p>B. DATENSCHUTZHINWEISE GelgenheitsRechtsVerh\u00e4ltnis<\/p>\n\n\n\n<p>C. Eigener Widerspruch<\/p>\n\n\n\n<p class=\"has-large-font-size\"><strong>A. DATENSCHUTZHINWEISE BEI NUTZUNG DER WEBSEITE<\/strong><\/p>\n\n\n\n<p class=\"has-medium-font-size\">I. ALLGEMEINE ANGABEN UND RECHTSGRUNDLAGEN<\/p>\n\n\n\n<p>Die nachfolgende Erkl\u00e4rung informiert Sie dar\u00fcber, welche Art von personenbezogenen Daten zu welchem Zweck auf dieser Webseite durch uns als verantwortliche Stelle erhoben werden und in welchem Ma\u00dfe diese Daten Dritten zug\u00e4nglich gemacht werden.<\/p>\n\n\n\n<p>1. Verantwortliche Stelle<\/p>\n\n\n\n<p>Tilmann E. Keith<\/p>\n\n\n\n<p>Slevogtstra\u00dfe 82 a<\/p>\n\n\n\n<p>09114 Chemnitz<\/p>\n\n\n\n<p>Tel 0371-2727460<\/p>\n\n\n\n<p>E-Mail: tk(at)steelshooting.de<\/p>\n\n\n\n<p>&nbsp;<\/p>\n\n\n\n<p>2. Rechtsgrundlagen der Verarbeitung<\/p>\n\n\n\n<p>Die Verarbeitung von personenbezogenen Daten bedarf einer Rechtsgrundlage, die wir Ihnen im Folgenden vorstellen m\u00f6chten.<\/p>\n\n\n\n<p>Bei Verarbeitungen von personenbezogener Daten, f\u00fcr die wir eine Einwilligung der betroffenen Person einholen, dient Artikel 6 Absatz 1 lit. a EU-Datenschutzgrundverordnung (DSGVO) als Rechtsgrundlage.<\/p>\n\n\n\n<p>Bei der Verarbeitung von personenbezogenen Daten, die zur Erf\u00fcllung eines Vertrages, dessen Vertragspartei die betroffene Person ist, erforderlich sind, dient Artikel 6 Absatz 1 lit. b DSGVO als Rechtsgrundlage. Hiervon sind auch Verarbeitungsvorg\u00e4nge, die zur Durchf\u00fchrung vorvertraglicher Ma\u00dfnahmen erforderlich sind, umfasst.<\/p>\n\n\n\n<p>Soweit eine Verarbeitung personenbezogener Daten zur Erf\u00fcllung einer rechtlichen Verpflichtung erforderlich ist, denen die verantwortliche Stelle unterliegt, dient Artikel 6 Absatz 1 lit. c DSGVO als Rechtsgrundlage.<\/p>\n\n\n\n<p>Ist die Verarbeitung zur Wahrung eines berechtigten Interesses der verantwortliche Stelle oder eines Dritten erforderlich und \u00fcberwiegen die Interessen, Grundrechte und Grundfreiheiten des Betroffenen das erstgenannte Interesse nicht, so dient Artikel 6 Absatz 1 lit. f DSGVO als Rechtsgrundlage f\u00fcr die Verarbeitung. Das berechtige Interesse der verantwortlichen Stelle liegt in der Durchf\u00fchrung der Gesch\u00e4ftst\u00e4tigkeit sowie in der Analyse, Optimierung und Erhaltung der Sicherheit unseres Onlineangebotes.<\/p>\n\n\n\n<p>&nbsp;<\/p>\n\n\n\n<p class=\"has-medium-font-size\"><strong>II. LOG-DATEIEN<\/strong><\/p>\n\n\n\n<p>In den Serverstatistiken werden automatisch solche Daten gespeichert, die der Browser an uns \u00fcbermittelt im Rahmen unseres berechtigten Interesses der Analyse und aus Sicherheitsgr\u00fcnden (sogenannte \u201elogfiles\u201c).<\/p>\n\n\n\n<p>Dies sind im Einzelnen folgende Daten:<\/p>\n\n\n\n<p>\u201c Sprache und Version der Browsersoftware<\/p>\n\n\n\n<p>\u201c verwendetes Betriebssystem und dessen Oberfl\u00e4che<\/p>\n\n\n\n<p>\u201c Referrer URL (die zuvor besuchte Seite)<\/p>\n\n\n\n<p>\u201c Hostname des zugreifenden Rechners (IP- Adresse)<\/p>\n\n\n\n<p>\u201c Datum und Uhrzeit der Serveranfrage<\/p>\n\n\n\n<p>\u201c Zeitzonendifferenz zur Greenwich Mean Time (GMT)<\/p>\n\n\n\n<p>\u201c Inhalt der Anforderung (konkrete Seite)<\/p>\n\n\n\n<p>\u201c \u00fcbertragene Datenmenge<\/p>\n\n\n\n<p>\u201c Zugriffsstatus\/ HTTP- Statuscode.<\/p>\n\n\n\n<p>Diese Daten k\u00f6nnen wir in der Regel nicht bestimmten Personen zuordnen. Eine Zusammenf\u00fchrung dieser Daten mit anderen Datenquellen wird nicht vorgenommen. Die Daten werden zudem nach einer statistischen Auswertung innerhalb von 7 Tagen gel\u00f6scht. Daten, deren weitere Aufbewahrung zu Beweiszwecken erforderlich ist, sind bis zur endg\u00fcltigen Kl\u00e4rung des jeweiligen Vorfalls von der L\u00f6schung ausgenommen.<\/p>\n\n\n\n<p>&nbsp;<\/p>\n\n\n\n<p class=\"has-medium-font-size\"><strong>III. VERTRAGLICHE VERARBEITUNG<\/strong><\/p>\n\n\n\n<p>Die von Ihnen zur Verf\u00fcgung gestellten personenbezogenen Daten, wie z.B. Name, Adresse, Altersangaben oder E-Mail-Adresse werden nur intern verwendet, um Ihre Anfragen zu beantworten, Ihre Auftr\u00e4ge zu bearbeiten oder Ihnen Zugang zu bestimmten Informationen oder die Teilnehmem\u00f6glichkeit bei Veranstaltungen zu verschaffen.<\/p>\n\n\n\n\n\n<p><strong>IV.KONTAKTAUFNAHME<\/strong><\/p>\n\n\n\n<p>Bei Ihrer Kontaktaufnahme mit uns per E-Mail oder \u00fcber ein Kontaktformular werden Ihre Angaben von uns gespeichert, um Ihre Frage(n) zu beantworten. Wenn Sie ein auf der Webseite angebotenes Kontaktformular nutzen, ben\u00f6tigen wir von Ihnen eine valide E-Mailadresse sowie Ihren Vor- und Nachnamen. (Pflichtfelder) Weitere Daten werden nicht erhoben. Die Speicherung dient alleine dem Zweck, Ihre Anfrage zu beantworten.<\/p>\n\n\n\n<p>&nbsp;<\/p>\n\n\n\n<p class=\"has-medium-font-size\"><strong>VI.COOKIES<\/strong><\/p>\n\n\n\n<p>Diese Seite verwendet Cookies. Cookies sind kleine Textdateien, die auf Ihrem Rechner gespeichert werden und durch welche die Stelle, die den Cookie setzt, bestimmte Informationen zuflie\u00dfen. Sie dienen dazu das Internetangebot nutzerfreundlicher und effektiver zu gestalten oder\/und Ihnen die Navigation auf unserer Webseite zu erleichtern. Selbstverst\u00e4ndlich k\u00f6nnen Sie unsere Webseite auch nutzen, ohne dass Sie Cookies akzeptieren. Sie k\u00f6nnen auch Ihre Browser- Einstellungen entsprechend Ihren W\u00fcnschen konfigurieren und insgesamt z.B. die Annahme von Third- Party- Cookies oder allen Cookies ablehnen oder bereits gespeicherte Cookies l\u00f6schen. Sollten Sie Cookies nicht akzeptieren, beachten Sie bitte, dass in diesem Fall unser Angebot unter Umst\u00e4nden nicht fehlerfrei funktioniert.<\/p>\n\n\n\n<p>Welche Funktion auf unserer Webseite Cookies setzt, erfahren Sie weiter unten bei den einzelnen Funktionen.<\/p>\n\n\n\n<p>&nbsp;<\/p>\n\n\n\n<p class=\"has-medium-font-size\"><strong>VII. WEITERGABE DER DATEN AN DRITTE \/ ZWECK\u00c4NDERUNG<\/strong><\/p>\n\n\n\n<p>Wir geben Daten an Dritte weiter, wenn dies zur Vertragserf\u00fcllung notwendig ist und \/ oder wir im Einzelfall dazu gesetzlich verpflichtet sind.<\/p>\n\n\n\n<p>Teilweise bedienen wir uns im Rahmen unserer berechtigten Interessen im Hinblick auf Analyse, Optimierung und wirtschaftlichen Betrieb des Onlineangebotes externer Dienstleister. Dies setzt immer voraus, dass die Drittanbieter dieser Inhalte, die IP-Adresse der Nutzer wahrnehmen, da sie ohne die IP-Adresse die Inhalte nicht an deren Browser senden k\u00f6nnten. Die IP-Adresse ist damit f\u00fcr die Darstellung dieser Inhalte erforderlich. Drittanbieter k\u00f6nnen ferner so genannte Pixel-Tags (unsichtbare Grafiken, auch \u201eWeb Beacons\u201c) f\u00fcr statistische oder Marketingzwecke verwenden. Durch die \u201ePixel-Tags\u201c k\u00f6nnen Informationen, wie der Besucherverkehr auf den Seiten dieser Website ausgewertet werden. Die pseudonymen Informationen k\u00f6nnen ferner in Cookies auf dem Ger\u00e4t der Nutzer gespeichert werden und unter anderem technische Informationen \u00e4hnlich den logfiles enthalten. Im Folgenden listen wir Ihnen unsere Dienstanbieter auf.<\/p>\n\n\n\n<p>Sollen Ihre Daten f\u00fcr andere Zwecke verwendet werden, werden wir Sie zuvor informieren und die Daten nur verwenden, soweit Sie vorher ausdr\u00fccklich Ihre Einwilligung dazu erkl\u00e4rt haben.<\/p>\n\n\n\n<p class=\"has-medium-font-size\">1. Dienstleister Google<\/p>\n\n\n\n<p>a) Wir nutzen im Rahmen unserer berechtigten Interessen an der Analyse, Optimierung und des wirtschaftlichem Betriebs unseres Onlineangebotes Google Maps der Google Inc., 1600 Amphitheatre Parkway, Mountain View, CA 94043, USA, (\u201eGoogle\u201c).<\/p>\n\n\n\n<p>Google ist unter dem Privacy-Shield-Abkommen zertifiziert und bietet hierdurch eine Garantie, das europ\u00e4ische Datenschutzrecht einzuhalten. Diese Webseite besitzt Inhalte von Google Maps. Durch den Besuch der Webseite erh\u00e4lt der Drittanbieter die Information, dass Sie die entsprechende Unterseite unserer Webseite aufgerufen haben. Zudem werden die \u00fcber Ihren Browser automatisch gesendeten Daten, wie Ihre IP- Adresse, an Google Maps in den USA \u00fcbermittelt und dort gespeichert. Der Anbieter speichert diese Daten unter Umst\u00e4nden als Nutzungsprofile und nutzt diese f\u00fcr Zwecke der Werbung und Marktforschung. Wenn Sie gleichzeitig bei Google eingeloggt sind, werden diese Daten direkt Ihrem Konto zugeordnet. Wenn Sie die Zuordnung mit Ihrem Profil nicht w\u00fcnschen, m\u00fcssen Sie sich vor Aktivierung des Buttons ausloggen. Durch die Nutzung dieser Webseite erkl\u00e4ren Sie sich mit der Erfassung, Bearbeitung sowie der Nutzung der automatisch erhobenen sowie der von Ihnen eingegeben Daten durch Google, einer seiner Vertreter, oder Drittanbieter einverstanden. Wir weisen darauf hin, dass wir als Anbieter der Seiten keine Kenntnis vom Inhalt der \u00fcbermittelten Daten sowie deren Nutzung durch Google erhalten.<\/p>\n\n\n\n<p>Ausf\u00fchrliche Informationen zu Zweck und Umfang der Datenerhebung und ihrer Verarbeitung durch Google Maps erhalten Sie in der Datenschutzerkl\u00e4rung des Anbieters unter:<\/p>\n\n\n\n<p>https: \/\/policies.google.com\/privacy?hl=de&amp;gl=de<\/p>\n\n\n\n<p>(Link hier, Klick mich)<\/p>\n\n\n\n<p>b) Wir nutzen im Rahmen unserer berechtigten Interessen an der Analyse, Optimierung und des wirtschaftlichem Betriebs unseres Onlineangebotes Funktionen des&nbsp; Webanalysedienstes Google Analytics. Anbieter ist die Google Inc. 1600 Amphitheatre Parkway Mountain View, CA 94043, USA. Google Analytics verwendet sog. &#8222;Cookies&#8220;. Das sind Textdateien, die auf Ihrem Computer gespeichert werden und die eine Analyse der Benutzung der Website durch Sie erm\u00f6glichen. Die durch den Cookie erzeugten Informationen \u00fcber Ihre Benutzung dieser Website werden in der Regel an einen Server von Google in den USA \u00fcbertragen und dort gespeichert.<\/p>\n\n\n\n<p>Im Falle der Aktivierung der IP-Anonymisierung auf dieser Webseite wird Ihre IP-Adresse von Google jedoch innerhalb von Mitgliedstaaten der Europ\u00e4ischen Union oder in anderen Vertragsstaaten des Abkommens \u00fcber den Europ\u00e4ischen Wirtschaftsraum zuvor gek\u00fcrzt. Nur in Ausnahmef\u00e4llen wird die volle IP-Adresse an einen Server von Google in den USA \u00fcbertragen und dort gek\u00fcrzt. Im Auftrag des Betreibers dieser Website wird Google diese Informationen benutzen, um Ihre Nutzung der Website auszuwerten, um Reports \u00fcber die Websiteaktivit\u00e4ten zusammenzustellen und um weitere mit der Websitenutzung und der Internetnutzung verbundene Dienstleistungen gegen\u00fcber dem Websitebetreiber zu erbringen. Die im Rahmen von Google Analytics von Ihrem Browser \u00fcbermittelte IP-Adresse wird nicht mit anderen Daten von Google zusammengef\u00fchrt.<\/p>\n\n\n\n<p>&nbsp;Sie k\u00f6nnen die Speicherung der Cookies durch eine entsprechende Einstellung Ihrer Browser-Software verhindern; wir weisen Sie jedoch darauf hin, dass Sie in diesem Fall gegebenenfalls nicht s\u00e4mtliche Funktionen dieser Website vollumf\u00e4nglich werden nutzen k\u00f6nnen. Sie k\u00f6nnen dar\u00fcber hinaus die Erfassung der durch das Cookie erzeugten und auf Ihre Nutzung der Website bezogenen Daten (inkl. Ihrer IP-Adresse) an Google sowie die Verarbeitung dieser Daten durch Google verhindern, indem sie das unter dem folgenden Link verf\u00fcgbare Browser-Plugin herunterladen und installieren:&nbsp;<\/p>\n\n\n\n<p>(Link hier: https:\/\/tools.google.com\/dlpage\/gaoptout?hl=de<a href=\"http:\/\/(Link hier: https:\/\/tools.google.com\/dlpage\/gaoptout?hl=de\u00a0Klick mich)\" target=\"_blank\" rel=\"noreferrer noopener\" class=\"broken_link\">&nbsp;Klick mich<\/a>)<\/p>\n\n\n\n<p class=\"has-medium-font-size\">2. Social Media<\/p>\n\n\n\n<p>Die Einbindung weiterer Social Media Dienste erfolgt lediglich durch Verlinkung.<\/p>\n\n\n\n<p>&nbsp;<\/p>\n\n\n\n<p class=\"has-medium-font-size\"><strong>VIII. RECHTE DER BETROFFENEN PERSON<\/strong><\/p>\n\n\n\n<p>Sie haben ein Recht auf Auskunft \u00fcber die bei uns \u00fcber Sie gespeicherten personenbezogenen Daten. Nach den gesetzlichen Bestimmungen haben Sie ebenfalls ein Recht auf Berichtigung unrichtiger Daten, Sperrung, Daten\u00fcbertragbarkeit und L\u00f6schung Ihrer personenbezogenen Daten. Senden Sie hierzu eine E-Mail an uns mit dem Betreff \u201eDatenschutz\u201c.<\/p>\n\n\n\n<p>Sie haben ebenfalls ein Recht auf Beschwerde bei einer Datenschutz-Aufsichtsbeh\u00f6rde, sofern Sie der Ansicht sind, dass eine Verarbeitung der sie betreffenden personenbezogenen Daten gegen die gesetzlichen Bestimmungen verst\u00f6\u00dft.<\/p>\n\n\n\n<p>Sofern Sie eine Einwilligung erteilt haben, haben Sie das Recht, die Einwilligung jederzeit zu widerrufen. Hiervon wird die Rechtm\u00e4\u00dfigkeit der aufgrund der Einwilligung bis zum Widerruf erfolgten Verarbeitung nicht ber\u00fchrt.<\/p>\n\n\n\n<p>Sie k\u00f6nnen der k\u00fcnftigen Verarbeitung Ihrer personenbezogenen Daten entsprechend den gesetzlichen Vorgaben jederzeit widersprechen. Der Widerspruch kann insbesondere gegen die Verarbeitung f\u00fcr Zwecke der Direktwerbung erfolgen.<\/p>\n\n\n\n<p>&nbsp;<\/p>\n\n\n\n<p class=\"has-medium-font-size\"><strong>IX. SPEICHERDAUER DER PERSONENBEZOGENEN DATEN<\/strong><\/p>\n\n\n\n<p>Wir speichern personenbezogene Daten f\u00fcr die Dauer der jeweiligen gesetzlichen Aufbewahrungsfrist. Nach Ablauf der Frist erfolgt eine routinem\u00e4\u00dfige L\u00f6schung der Daten, sofern nicht eine Erforderlichkeit f\u00fcr eine Vertragsanbahnung oder die Vertragserf\u00fcllung besteht. Sofern die Daten der Nutzer nicht gel\u00f6scht werden, weil sie f\u00fcr andere und gesetzlich zul\u00e4ssige Zwecke erforderlich sind, wird deren Verarbeitung eingeschr\u00e4nkt. Die Daten werden dementsprechend gesperrt und nicht f\u00fcr andere Zwecke verarbeitet. Das gilt z.B. f\u00fcr Daten der Nutzer, die aus handels- oder steuerrechtlichen Gr\u00fcnden aufbewahrt werden m\u00fcssen.<\/p>\n\n\n\n<p>&nbsp;<\/p>\n\n\n\n<p class=\"has-medium-font-size\"><strong>X. SICHERHEITSINFORMATIONEN<\/strong><\/p>\n\n\n\n<p>Wir sind sehr bem\u00fcht, Ihre personenbezogenen Daten durch Ergreifung aller technischen und organisatorischen M\u00f6glichkeiten so zu verarbeiten, dass die Vorschriften der Datenschutzgesetze eingehalten werden und um damit diese Daten zu sch\u00fctzen.<\/p>\n\n\n\n<p>Unsere Webseite bzw. die Kommunikation \u00fcber unsere Webseite mit uns ist nicht per HTPPS verschl\u00fcsselt.<\/p>\n\n\n\n<p>&nbsp;<\/p>\n\n\n\n<p class=\"has-large-font-size\"><strong>B. DATENSCHUTZHINWEISE<\/strong><\/p>\n\n\n\n<p class=\"has-medium-font-size\"><strong>I. Hinweise zur Datenverarbeitung im Rahmen des Teilnehmer-Ausrichter-Verh\u00e4ltnis<\/strong><\/p>\n\n\n\n<ul class=\"wp-block-list\"><li>Name und Kontaktdaten des f\u00fcr die Verarbeitung Verantwortlichen sowie des betrieblichen Datenschutzbeauftragten.<br>Diese Hinweise gelten f\u00fcr die Datenverarbeitung durch:<\/li><li>Verantwortlich: Tilmann E. Keith, Slevogtstra\u00dfe 82 a, 09114 Chemnitz. Tel: 0371-2727460, E-Mail: tk&lt;at&gt;steelshooting.de<\/li><li>Ein betrieblicher Datenschutzbeauftragter ist derzeit nicht bestellt und gem\u00e4\u00df den geltenden Datenschutzvorschriften auch nicht zu benennen.<\/li><li>Erhebung und Speicherung personenbezogener Daten sowie Art und Zweck und deren Verwendung.<\/li><li>Wenn Sie uns einen Auftrag erteilen, erheben wir folgende Daten:<\/li><li>Anrede, Vor- und Nachname, E-Mail-Adresse, Anschrift, Telefon-\/Mobilfunknummer. Diese Daten ben\u00f6tigen wir, damit wir Sie als Teilnehmer identifizieren und akzeptieren k\u00f6nnen, Sie kontaktieren k\u00f6nnen, zu Rechnungszwecken, evtl. vorliegende Haftungsanspr\u00fcche sowie Geltendmachung etwaiger Anspr\u00fcche gegen Sie abwickeln k\u00f6nnen. Die Datenverarbeitung erfolgt auf Ihre Anfrage hin und ist nach Art. 6 Abs. 1 S. 1 lit. b DSGVO zu den genannten Zwecken f\u00fcr die angemessene Bearbeitung Ihres Informations- und Teilnahmewunsches und f\u00fcr die beidseitige Erf\u00fcllung und Verpflichtung aus dem Teilnahmevertrag erforderlich.Die erhobenen personenbezogenen Daten werden bis zum Ablauf der gesetzlichen Aufbewahrungspflicht gespeichert und danach gel\u00f6scht, es sei denn, dass wir nach Art. 6 Abs. 1 S. lit. c DSGVO aufgrund von steuer- und handelsrechtlichen Aufbewahrungs- und Dokumentationspflichten (aus HGB, StGB oder AO) zu einer l\u00e4ngeren Speicherung verpflichtet sind oder Sie in eine dar\u00fcberhinausgehende Speicherung nach Art. 6 Abs. 1 S. 1 lit. a DSGVO eingewilligt haben.<\/li><\/ul>\n\n\n\n<ul class=\"wp-block-list\"><li>Weitergabe von Daten an Dritte<br>Eine \u00dcbermittlung Ihrer pers\u00f6nlichen Daten an Dritte zu anderen als den hier aufgef\u00fchrten Zwecken findet nicht statt. Soweit dies nach Art. 6 Abs. 1 S. 1 lit. b DSGVO f\u00fcr die Abwicklung des Teilnahmevertrags erforderlich ist, werden Ihre personenbezogenen Daten an Dritte weitergegeben. Hierzu geh\u00f6ren insbesondere die Weitergabe an Matchveranstalter, den Bundesverband (BDS e.V) und deren Vertreter sowie \u00f6ffentlichen Beh\u00f6rden zum Zwecke der notwendigen Korrespondenz. Die weitergegebenen Daten d\u00fcrfen von dem Dritten ausschlie\u00dflich zu den genannten Zwecken verwendet werden.&nbsp;<\/li><li>Ihre Rechte als Betroffener<br>Sie haben das Recht:gem\u00e4\u00df Art. 7 Abs.3 DSGVO Ihre einmal erteilte Einwilligung jederzeit gegen\u00fcber uns zu widerrufen. Dies hat zur Folge, dass wir die Datenverarbeitung, die auf dieser Einwilligung beruhte, f\u00fcr die Zukunft nicht mehr fortf\u00fchren d\u00fcrfen;&nbsp;<\/li><li>gem\u00e4\u00df Art.15 DSGVO Auskunft \u00fcber Ihre von uns verarbeiteten personenbezogenen Daten zu verlangen. Insbesondere k\u00f6nnen Sie Auskunft \u00fcber die Verarbeitungszwecke, die Kategorie der personenbezogenen Daten, die Kategorien von Empf\u00e4ngern, gegen\u00fcber denen Ihre Daten offengelegt wurden oder werden, die geplante Speicherdauer, das Bestehen eines Rechts auf Berichtigung, L\u00f6schung, Einschr\u00e4nkung der Verarbeitung oder Widerspruch, das Bestehen eines Beschwerderechts, die Herkunft ihrer Daten, sofern diese nicht bei uns erhoben wurden, sowie \u00fcber das Bestehen einer automatisierten Entscheidungsfindung einschlie\u00dflich Profiling und ggf. aussagekr\u00e4ftigen Informationen zu deren Einzelheiten verlangen;<br>gem\u00e4\u00df Art. 16 DSGVO unverz\u00fcglich die Berichtigung unrichtiger oder Vervollst\u00e4ndigung Ihrer bei uns gespeicherten personenbezogenen Daten zu verlangen;<\/li><li>gem\u00e4\u00df Art. 17 DSGVO die L\u00f6schung Ihrer bei uns gespeicherten personenbezogenen Daten zu verlangen, soweit nicht die Verarbeitung zur Aus\u00fcbung des Rechts auf freie Meinungs\u00e4u\u00dferung und Information, zur Erf\u00fcllung einer rechtlichen Verpflichtung, aus Gr\u00fcnden des \u00f6ffentlichen Interesses oder zur Geltendmachung, Aus\u00fcbung oder Verteidigung von Rechtsanspr\u00fcchen erforderlich ist;<br>gem\u00e4\u00df Art. 18 DSGVO die Einschr\u00e4nkung der Verarbeitung Ihrer personenbezogenen Daten zu verlangen, soweit die Richtigkeit der Daten von Ihnen bestritten wird, die Verarbeitung unrechtm\u00e4\u00dfig ist, Sie aber deren L\u00f6schung ablehnen und wir die Daten nicht mehr ben\u00f6tigen, Sie jedoch diese zur Geltendmachung, Aus\u00fcbung oder Verteidigung von Rechtsanspr\u00fcchen ben\u00f6tigen oder Sie gem\u00e4\u00df Art. 21 DSGVO Widerspruch gegen die Verarbeitung eingelegt haben;<br>gem\u00e4\u00df Art. 20 DSGVO Ihre personenbezogenen Daten, die Sie uns bereitgestellt haben, in einem strukturierten, g\u00e4ngigen und maschinenlesebaren Format zu erhalten oder die \u00dcbermittlung an einen anderen Verantwortlichen zu verlangen und<br>gem\u00e4\u00df Art. 77 DSGVO sich bei einer Aufsichtsbeh\u00f6rde zu beschweren. In der Regel k\u00f6nnen Sie sich hierf\u00fcr an die Aufsichtsbeh\u00f6rde Ihres \u00fcblichen Aufenthaltsortes oder Arbeitsplatzes oder meinen Wohnsitz wenden.<\/li><li>Widerspruchsrecht&nbsp;Sofern Ihre personenbezogenen Daten auf Grundlage von berechtigten Interessen gem. Art. 6 Abs. 1 S. 1 lit. f DSGVO verarbeitet werden, haben Sie das Recht gem. Art. 21 DSGVO Widerspruch gegen die Verarbeitung Ihrer personenbezogener Daten einzulegen, soweit daf\u00fcr Gr\u00fcnde vorliegen, die sich aus Ihrer besonderen Situation ergeben.<\/li><\/ul>\n\n\n\n<p>\u00a0II. M\u00f6chten Sie von Ihrem Widerspruchsrecht Gebrauch machen, gen\u00fcgt eine E-Mail an tk&lt;at>steelshooting.de.<\/p>\n\n\n\n<p>&nbsp;<\/p>\n\n\n\n<p class=\"has-large-font-size\"><strong>C. Eigener Widerspruch<\/strong><\/p>\n\n\n\n<p>Der Nutzung von im Rahmen der Impressumspflicht ver\u00f6ffentlichten Kontaktdaten zur \u00dcbersendung von nicht ausdr\u00fccklich angeforderter Werbung und Informationsmaterialien wird hiermit widersprochen. Die Betreiber der Seiten behalten sich ausdr\u00fccklich rechtliche Schritte im Falle der unverlangten Zusendung von Werbeinformationen, etwa durch Spam-E-Mails, vor.<\/p>\n","protected":false},"excerpt":{"rendered":"<p>Datenschutzerkl\u00e4rung DATENSCHUTZHINWEISE A. DATENSCHUTZHINWEISE BEI NUTZUNG DER WEBSEITE B. DATENSCHUTZHINWEISE GelgenheitsRechtsVerh\u00e4ltnis C. Eigener Widerspruch A. DATENSCHUTZHINWEISE BEI NUTZUNG DER WEBSEITE I. ALLGEMEINE ANGABEN UND RECHTSGRUNDLAGEN Die nachfolgende Erkl\u00e4rung informiert Sie dar\u00fcber, welche Art von personenbezogenen Daten zu welchem Zweck auf dieser Webseite durch uns als verantwortliche Stelle erhoben werden und in welchem Ma\u00dfe diese Daten&hellip; <br \/> <a class=\"read-more\" href=\"https:\/\/www.steelshooting.de\/index.php\/ss-datenschutz\/\">Weiterlesen<\/a><\/p>\n","protected":false},"author":2,"featured_media":0,"parent":0,"menu_order":0,"comment_status":"closed","ping_status":"closed","template":"","meta":{"footnotes":""},"class_list":["post-52","page","type-page","status-publish","hentry"],"_links":{"self":[{"href":"https:\/\/www.steelshooting.de\/index.php\/wp-json\/wp\/v2\/pages\/52","targetHints":{"allow":["GET"]}}],"collection":[{"href":"https:\/\/www.steelshooting.de\/index.php\/wp-json\/wp\/v2\/pages"}],"about":[{"href":"https:\/\/www.steelshooting.de\/index.php\/wp-json\/wp\/v2\/types\/page"}],"author":[{"embeddable":true,"href":"https:\/\/www.steelshooting.de\/index.php\/wp-json\/wp\/v2\/users\/2"}],"replies":[{"embeddable":true,"href":"https:\/\/www.steelshooting.de\/index.php\/wp-json\/wp\/v2\/comments?post=52"}],"version-history":[{"count":6,"href":"https:\/\/www.steelshooting.de\/index.php\/wp-json\/wp\/v2\/pages\/52\/revisions"}],"predecessor-version":[{"id":689,"href":"https:\/\/www.steelshooting.de\/index.php\/wp-json\/wp\/v2\/pages\/52\/revisions\/689"}],"wp:attachment":[{"href":"https:\/\/www.steelshooting.de\/index.php\/wp-json\/wp\/v2\/media?parent=52"}],"curies":[{"name":"wp","href":"https:\/\/api.w.org\/{rel}","templated":true}]}}