{"id":324,"date":"2022-02-06T21:17:13","date_gmt":"2022-02-06T20:17:13","guid":{"rendered":"https:\/\/www.steelshooting.de\/?page_id=324"},"modified":"2022-02-06T21:26:02","modified_gmt":"2022-02-06T20:26:02","slug":"formulare","status":"publish","type":"page","link":"https:\/\/www.steelshooting.de\/index.php\/formulare\/","title":{"rendered":"Formulare"},"content":{"rendered":"\n<p><a href=\"https:\/\/www.steelshooting.de\/wp-content\/uploads\/2022\/02\/Schiesserlaubnis_mdj_ISSA_220206.pdf\" target=\"_blank\" rel=\"noreferrer noopener\">Schie\u00dferlaubnis f\u00fcr Minderj\u00e4hrige<\/a><\/p>\n\n\n\n<p><a href=\"https:\/\/www.steelshooting.de\/wp-content\/uploads\/2022\/02\/leihschein_alg.pdf\" target=\"_blank\" rel=\"noreferrer noopener\">Waffenausleihe zwischen Privatpersonen<\/a><\/p>\n\n\n\n<p><\/p>\n","protected":false},"excerpt":{"rendered":"<p>Schie\u00dferlaubnis f\u00fcr Minderj\u00e4hrige Waffenausleihe zwischen Privatpersonen<\/p>\n","protected":false},"author":2,"featured_media":0,"parent":0,"menu_order":0,"comment_status":"closed","ping_status":"closed","template":"","meta":{"footnotes":""},"class_list":["post-324","page","type-page","status-publish","hentry"],"_links":{"self":[{"href":"https:\/\/www.steelshooting.de\/index.php\/wp-json\/wp\/v2\/pages\/324","targetHints":{"allow":["GET"]}}],"collection":[{"href":"https:\/\/www.steelshooting.de\/index.php\/wp-json\/wp\/v2\/pages"}],"about":[{"href":"https:\/\/www.steelshooting.de\/index.php\/wp-json\/wp\/v2\/types\/page"}],"author":[{"embeddable":true,"href":"https:\/\/www.steelshooting.de\/index.php\/wp-json\/wp\/v2\/users\/2"}],"replies":[{"embeddable":true,"href":"https:\/\/www.steelshooting.de\/index.php\/wp-json\/wp\/v2\/comments?post=324"}],"version-history":[{"count":4,"href":"https:\/\/www.steelshooting.de\/index.php\/wp-json\/wp\/v2\/pages\/324\/revisions"}],"predecessor-version":[{"id":333,"href":"https:\/\/www.steelshooting.de\/index.php\/wp-json\/wp\/v2\/pages\/324\/revisions\/333"}],"wp:attachment":[{"href":"https:\/\/www.steelshooting.de\/index.php\/wp-json\/wp\/v2\/media?parent=324"}],"curies":[{"name":"wp","href":"https:\/\/api.w.org\/{rel}","templated":true}]}}