{"id":100,"date":"2022-01-22T12:48:24","date_gmt":"2022-01-22T11:48:24","guid":{"rendered":"https:\/\/server.it-services-haase.de\/?page_id=100"},"modified":"2022-02-06T21:59:49","modified_gmt":"2022-02-06T20:59:49","slug":"practiscore-templates","status":"publish","type":"page","link":"https:\/\/www.steelshooting.de\/index.php\/practiscore-templates\/","title":{"rendered":"Practiscore Templates"},"content":{"rendered":"\n<p><strong>TEMPLATE:<\/strong><br>Wenn Ihr selbst ein Match aufsetzen oder einfach mal zum \u00dcben herumspielen wollt, k\u00f6nnt das aktuell von mir aufgesetzte Template als Anregung bzw. Grundlage f\u00fcr die Erstellung von SPEED STEEL\u00ae -Matches direkt von der Practiscore-Seite herunterladen. <\/p>\n\n\n\n<p>Ihr findet dort &#8211; Stand 1.11.2020 &#8211; alle denkbaren Divisionen und unter &#8222;Class&#8220; die zu verwendenden (anfangs kryptischen, sp\u00e4ter n\u00fctzlichen) Abk\u00fcrzungen. Ausserdem sind bereits erprobte Stages enthalten, die Ihr f\u00fcr Eure Zwecke einfach modifizieren k\u00f6nnt (und danach bitte mir zur Erg\u00e4nzung in dem &#8222;Template f\u00fcr alle&#8220; zur Verf\u00fcgung stellt). Wichtig: Die Anzahl der Runs sowie die Penalties und Boni m\u00fcsst ihr in der &#8222;Stagebuliding&#8220;- Funktion selbst erg\u00e4nzen.\u00a0<\/p>\n\n\n\n<p>Die Datei k\u00f6nnt Ihr einfach<br>1. mit Eurem ANDROID-Device herunterladen und&nbsp;<br>2. in &#8222;Downloads&#8220; speichern. Danach wird die Datei&nbsp;<br>3. als &#8222;Matchimport&#8220; auf dem ANDROID-Device \u00fcber den Men\u00fcpunkt Import\/Export &gt; Match Import\/Export &gt; Import Match eingelesen.<br>Hinweis f\u00fcr Apple-User:<br>Bei IOS -Devices kann es sein, dass nach &#8222;in Practiscore \u00f6ffnen&#8220; die Datei nicht komplett da ist, ggf. die Stagediagramme nicht mit importiert werden. Das Problem l\u00f6st man am einfachsten durch Installation des Matches auf einem SAMSUNG ANDROID und anschlie\u00dfenden &#8222;syncen&#8220; von dem ANDROID auf das IOS-Device. Beim &#8222;blo\u00dfen Aktualisieren&#8220; des Matches des IOS-Devices \u00fcber die Sync-Funktion werden die Standbilder allerdings nicht mit geladen. Abhilfe erfolgt durch L\u00f6schen auf dem IOS und &#8222;syncen&#8220; des Komplettmatches vom Android auf das IOS.<\/p>\n\n\n\n<p>Die jeweils aktuellste Datei mit allen Bildern und Texten k\u00f6nnt Ihr &#8211; auf ein Android-Tablett &#8211; von der Practiscore-Seite herunterkratzen in dem ihr die (irref\u00fchrend titulierte) Funktion &#8222;Erstelle eine Matchregistrierung&#8220; \/ &#8222;get registration&#8220; nutzt. Der PIN-Code f\u00fcr das Template (ohne Anzahl der Runs, Boni und Penalites) lautet: jgmnhk<\/p>\n","protected":false},"excerpt":{"rendered":"<p>TEMPLATE:Wenn Ihr selbst ein Match aufsetzen oder einfach mal zum \u00dcben herumspielen wollt, k\u00f6nnt das aktuell von mir aufgesetzte Template als Anregung bzw. Grundlage f\u00fcr die Erstellung von SPEED STEEL\u00ae -Matches direkt von der Practiscore-Seite herunterladen. Ihr findet dort &#8211; Stand 1.11.2020 &#8211; alle denkbaren Divisionen und unter &#8222;Class&#8220; die zu verwendenden (anfangs kryptischen, sp\u00e4ter&hellip; <br \/> <a class=\"read-more\" href=\"https:\/\/www.steelshooting.de\/index.php\/practiscore-templates\/\">Weiterlesen<\/a><\/p>\n","protected":false},"author":2,"featured_media":0,"parent":0,"menu_order":0,"comment_status":"closed","ping_status":"closed","template":"","meta":{"footnotes":""},"class_list":["post-100","page","type-page","status-publish","hentry"],"_links":{"self":[{"href":"https:\/\/www.steelshooting.de\/index.php\/wp-json\/wp\/v2\/pages\/100","targetHints":{"allow":["GET"]}}],"collection":[{"href":"https:\/\/www.steelshooting.de\/index.php\/wp-json\/wp\/v2\/pages"}],"about":[{"href":"https:\/\/www.steelshooting.de\/index.php\/wp-json\/wp\/v2\/types\/page"}],"author":[{"embeddable":true,"href":"https:\/\/www.steelshooting.de\/index.php\/wp-json\/wp\/v2\/users\/2"}],"replies":[{"embeddable":true,"href":"https:\/\/www.steelshooting.de\/index.php\/wp-json\/wp\/v2\/comments?post=100"}],"version-history":[{"count":4,"href":"https:\/\/www.steelshooting.de\/index.php\/wp-json\/wp\/v2\/pages\/100\/revisions"}],"predecessor-version":[{"id":353,"href":"https:\/\/www.steelshooting.de\/index.php\/wp-json\/wp\/v2\/pages\/100\/revisions\/353"}],"wp:attachment":[{"href":"https:\/\/www.steelshooting.de\/index.php\/wp-json\/wp\/v2\/media?parent=100"}],"curies":[{"name":"wp","href":"https:\/\/api.w.org\/{rel}","templated":true}]}}